{"id":15608,"date":"2026-04-07T11:18:28","date_gmt":"2026-04-07T09:18:28","guid":{"rendered":"https:\/\/jsbyjx.com\/?page_id=15608"},"modified":"2026-04-07T11:53:27","modified_gmt":"2026-04-07T09:53:27","slug":"politique-de-retour-et-de-remboursement","status":"publish","type":"page","link":"https:\/\/www.jsbyjx.com\/index.php\/politique-de-retour-et-de-remboursement\/","title":{"rendered":"Politique de retour et de remboursement"},"content":{"rendered":"\n<p>Tout article non utilis\u00e9 peut \u00eatre retourn\u00e9 ou \u00e9chang\u00e9 dans les 30 jours suivant sa r\u00e9ception, d\u00e9duction faite des frais d&rsquo;exp\u00e9dition et de traitement initiaux. Veuillez contacter notre service client avant tout retour afin de v\u00e9rifier l&rsquo;exactitude de votre adresse de retour et de vos coordonn\u00e9es. Merci de remplir le formulaire de retour et de le joindre au colis. Tous les remboursements seront effectu\u00e9s sur le compte utilis\u00e9 pour le paiement initial. Les commandes r\u00e9gl\u00e9es avec des coupons de r\u00e9duction ne sont pas remboursables, mais peuvent \u00eatre \u00e9chang\u00e9es dans les m\u00eames conditions. Les frais de retour sont \u00e0 la charge du client. Afin de maintenir des prix comp\u00e9titifs, nous ne fournissons pas d&rsquo;\u00e9tiquettes de retour pr\u00e9pay\u00e9es et les frais d&rsquo;exp\u00e9dition ne sont pas remboursables. Pour toute question concernant votre commande, n&rsquo;h\u00e9sitez pas \u00e0 contacter notre service client.<\/p>\n","protected":false},"excerpt":{"rendered":"<p>Tout article non utilis\u00e9 peut \u00eatre retourn\u00e9 ou \u00e9chang\u00e9 dans les 30 jours suivant sa r\u00e9ception, d\u00e9duction faite des frais<\/p>\n","protected":false},"author":1,"featured_media":0,"parent":0,"menu_order":0,"comment_status":"closed","ping_status":"closed","template":"","meta":{"footnotes":""},"class_list":["post-15608","page","type-page","status-publish","hentry"],"_links":{"self":[{"href":"https:\/\/www.jsbyjx.com\/index.php\/wp-json\/wp\/v2\/pages\/15608","targetHints":{"allow":["GET"]}}],"collection":[{"href":"https:\/\/www.jsbyjx.com\/index.php\/wp-json\/wp\/v2\/pages"}],"about":[{"href":"https:\/\/www.jsbyjx.com\/index.php\/wp-json\/wp\/v2\/types\/page"}],"author":[{"embeddable":true,"href":"https:\/\/www.jsbyjx.com\/index.php\/wp-json\/wp\/v2\/users\/1"}],"replies":[{"embeddable":true,"href":"https:\/\/www.jsbyjx.com\/index.php\/wp-json\/wp\/v2\/comments?post=15608"}],"version-history":[{"count":2,"href":"https:\/\/www.jsbyjx.com\/index.php\/wp-json\/wp\/v2\/pages\/15608\/revisions"}],"predecessor-version":[{"id":15638,"href":"https:\/\/www.jsbyjx.com\/index.php\/wp-json\/wp\/v2\/pages\/15608\/revisions\/15638"}],"wp:attachment":[{"href":"https:\/\/www.jsbyjx.com\/index.php\/wp-json\/wp\/v2\/media?parent=15608"}],"curies":[{"name":"wp","href":"https:\/\/api.w.org\/{rel}","templated":true}]}}