{"id":15611,"date":"2026-04-07T11:19:20","date_gmt":"2026-04-07T09:19:20","guid":{"rendered":"https:\/\/jsbyjx.com\/?page_id=15611"},"modified":"2026-04-07T11:19:23","modified_gmt":"2026-04-07T09:19:23","slug":"expedition-et-livraison","status":"publish","type":"page","link":"https:\/\/www.jsbyjx.com\/index.php\/expedition-et-livraison\/","title":{"rendered":"Exp\u00e9dition et livraison"},"content":{"rendered":"\n<p>INFORMATIONS SUR LA LIVRAISON<\/p><p><br><\/p><p>La livraison gratuite est calcul\u00e9e sur le montant total des articles apr\u00e8s application des r\u00e9ductions et promotions sp\u00e9ciales.<\/p><p>&nbsp;<\/p><p><br><\/p><p>AUTRES INFORMATIONS<\/p><p>Veuillez contacter le service client pour toute question.<\/p><p><br><\/p><p>*Veuillez pr\u00e9voir jusqu&rsquo;\u00e0 2 jours ouvrables pour le traitement de votre commande avant son exp\u00e9dition. Les \u00ab\u00a0jours ouvrables\u00a0\u00bb excluent le samedi et le dimanche.<\/p><p><br><\/p><p>**Bien que nous nous efforcions toujours de traiter et d&rsquo;exp\u00e9dier les commandes le plus rapidement possible, les d\u00e9lais de traitement et d&rsquo;exp\u00e9dition peuvent varier en raison d&rsquo;\u00e9v\u00e9nements tels que des intemp\u00e9ries, des jours f\u00e9ri\u00e9s, des retards de transporteurs ou un afflux de commandes.<\/p><div><br><\/div>\n\n","protected":false},"excerpt":{"rendered":"<p>INFORMATIONS SUR LA LIVRAISON La livraison gratuite est calcul\u00e9e sur le montant total des articles apr\u00e8s application des r\u00e9ductions et<\/p>\n","protected":false},"author":1,"featured_media":0,"parent":0,"menu_order":0,"comment_status":"closed","ping_status":"closed","template":"","meta":{"footnotes":""},"class_list":["post-15611","page","type-page","status-publish","hentry"],"_links":{"self":[{"href":"https:\/\/www.jsbyjx.com\/index.php\/wp-json\/wp\/v2\/pages\/15611","targetHints":{"allow":["GET"]}}],"collection":[{"href":"https:\/\/www.jsbyjx.com\/index.php\/wp-json\/wp\/v2\/pages"}],"about":[{"href":"https:\/\/www.jsbyjx.com\/index.php\/wp-json\/wp\/v2\/types\/page"}],"author":[{"embeddable":true,"href":"https:\/\/www.jsbyjx.com\/index.php\/wp-json\/wp\/v2\/users\/1"}],"replies":[{"embeddable":true,"href":"https:\/\/www.jsbyjx.com\/index.php\/wp-json\/wp\/v2\/comments?post=15611"}],"version-history":[{"count":1,"href":"https:\/\/www.jsbyjx.com\/index.php\/wp-json\/wp\/v2\/pages\/15611\/revisions"}],"predecessor-version":[{"id":15612,"href":"https:\/\/www.jsbyjx.com\/index.php\/wp-json\/wp\/v2\/pages\/15611\/revisions\/15612"}],"wp:attachment":[{"href":"https:\/\/www.jsbyjx.com\/index.php\/wp-json\/wp\/v2\/media?parent=15611"}],"curies":[{"name":"wp","href":"https:\/\/api.w.org\/{rel}","templated":true}]}}