{"id":15615,"date":"2026-04-07T11:20:45","date_gmt":"2026-04-07T09:20:45","guid":{"rendered":"https:\/\/jsbyjx.com\/?page_id=15615"},"modified":"2026-04-07T11:20:47","modified_gmt":"2026-04-07T09:20:47","slug":"politique-de-confidentialite-2","status":"publish","type":"page","link":"https:\/\/www.jsbyjx.com\/index.php\/politique-de-confidentialite-2\/","title":{"rendered":"Politique de confidentialit\u00e9"},"content":{"rendered":"\n<p>POLITIQUE DE CONFIDENTIALIT\u00c9<\/p><p>Cette politique de confidentialit\u00e9 d\u00e9crit comment nous recueillons, utilisons, partageons et prot\u00e9geons les informations obtenues aupr\u00e8s des membres et des visiteurs de notre site web. En utilisant notre site web, vous acceptez les Conditions d&rsquo;utilisation, qui int\u00e8grent cette politique de confidentialit\u00e9 par r\u00e9f\u00e9rence.<\/p><p><br><\/p><p>TYPES D&rsquo;INFORMATIONS COLLECT\u00c9ES<\/p><p>Nous recueillons deux types d&rsquo;informations aupr\u00e8s des visiteurs de notre site web\u00a0: les informations personnelles et les informations non personnelles. Si vous achetez nos produits ou services, nous vous demandons certaines informations personnelles sur notre formulaire de commande. Il s&rsquo;agit notamment de vos coordonn\u00e9es (nom, adresse e-mail et adresse de livraison) et de vos informations financi\u00e8res (num\u00e9ro de carte bancaire et date d&rsquo;expiration). Nous utilisons les informations personnelles collect\u00e9es \u00e0 des fins de facturation et pour traiter vos commandes. En cas de probl\u00e8me de traitement d&rsquo;une commande, nous utiliserons \u00e9galement ces informations pour vous contacter. De plus, si vous nous contactez par e-mail via notre site web, nous pouvons conserver une trace de vos coordonn\u00e9es et de votre correspondance. Nous nous r\u00e9servons le droit d&rsquo;utiliser votre adresse courriel et toute autre information personnelle que vous nous fournissez pour vous r\u00e9pondre et vous envoyer des communications marketing concernant nos produits et services. [Nous ne partagerons pas vos informations avec des tiers souhaitant vous proposer d&rsquo;autres produits et services.] Si vous souhaitez modifier vos informations personnelles, ne plus recevoir de communications de notre part ou demander la suppression de vos donn\u00e9es de notre base de donn\u00e9es, veuillez nous contacter. Si vous recevez des communications de notre part par courriel, vous pouvez \u00e9galement vous d\u00e9sabonner en utilisant le lien de d\u00e9sabonnement figurant dans nos messages. Comme la plupart des sites web, le n\u00f4tre peut int\u00e9grer des technologies de suivi et des cookies nous permettant d&rsquo;analyser l&rsquo;activit\u00e9 des visiteurs. Des technologies de suivi et des cookies sont utilis\u00e9s pour collecter des informations non personnelles, telles que le nom de votre fournisseur d&rsquo;acc\u00e8s Internet, l&rsquo;adresse IP de votre ordinateur, le type de navigateur et de syst\u00e8me d&rsquo;exploitation que vous utilisez, la date et l&rsquo;heure de votre visite sur notre site web, l&rsquo;adresse du site web d&rsquo;o\u00f9 vous avez acc\u00e9d\u00e9 directement au n\u00f4tre (le cas \u00e9ch\u00e9ant), l&rsquo;adresse du site web de destination apr\u00e8s votre visite sur notre site (le cas \u00e9ch\u00e9ant), vos pr\u00e9f\u00e9rences de personnalisation de la page d&rsquo;accueil et d&rsquo;autres informations similaires relatives au trafic. Nous pouvons regrouper vos informations avec des donn\u00e9es similaires collect\u00e9es aupr\u00e8s d&rsquo;autres visiteurs afin d&rsquo;am\u00e9liorer notre site web.<\/p><p><br><\/p><p>UTILISATION ET DIVULGATION DE VOS INFORMATIONS<\/p><p>En r\u00e8gle g\u00e9n\u00e9rale, nous ne divulguons pas les informations personnelles que nous collectons lors de votre utilisation de notre site web \u00e0 des tiers non affili\u00e9s. Nous nous r\u00e9servons toutefois le droit de fournir ces informations \u00e0 nos employ\u00e9s, sous-traitants, agents et mandataires dans la mesure n\u00e9cessaire pour leur permettre d&rsquo;ex\u00e9cuter certains services pour notre compte, notamment le traitement des commandes et les services li\u00e9s au site Web tels que l&rsquo;h\u00e9bergement Web, d&rsquo;am\u00e9liorer les services et fonctionnalit\u00e9s li\u00e9s au site Web, d&rsquo;effectuer des services de maintenance et de diffuser des publicit\u00e9s et autres supports marketing en notre nom. Nous nous r\u00e9servons \u00e9galement le droit (sauf si vous vous y opposez) de partager vos informations avec les soci\u00e9t\u00e9s qui nous sont affili\u00e9es afin de vous informer sur d&rsquo;autres produits, services ou promotions susceptibles de vous int\u00e9resser. Nous ne vendons, ne conc\u00e9dons sous licence, ne louons ni ne divulguons vos informations personnelles \u00e0 aucun tiers non affili\u00e9, sauf dans les cas suivants\u00a0: pour administrer ou traiter une transaction, un produit ou les services que nous fournissons\u00a0; pour nous conformer aux lois, r\u00e9glementations ou proc\u00e9dures judiciaires applicables\u00a0; pour d\u00e9tecter, pr\u00e9venir ou r\u00e9soudre les probl\u00e8mes de fraude ou de s\u00e9curit\u00e9\u00a0; pour transmettre vos informations personnelles \u00e0 nos soci\u00e9t\u00e9s affili\u00e9es ou \u00e0 d&rsquo;autres entreprises ou personnes de confiance afin qu&rsquo;elles les traitent pour notre compte, conform\u00e9ment \u00e0 nos instructions, \u00e0 notre Politique de confidentialit\u00e9 et \u00e0 toute autre mesure de confidentialit\u00e9 et de s\u00e9curit\u00e9 appropri\u00e9e. et<\/p><p><br><\/p><p>Pour nous aider \u00e0 am\u00e9liorer nos services, faire appel \u00e0 une autre entreprise pour nous aider \u00e0 r\u00e9aliser certaines fonctions internes telles que le traitement des comptes, l&rsquo;ex\u00e9cution des commandes, le service aux membres, les enqu\u00eates de satisfaction des membres ou d&rsquo;autres activit\u00e9s de collecte de donn\u00e9es pertinentes pour notre activit\u00e9.<\/p><p><br><\/p><p>Pour prot\u00e9ger les droits, la propri\u00e9t\u00e9, la s\u00e9curit\u00e9 et la s\u00fbret\u00e9 de notre entreprise et de nos employ\u00e9s, des visiteurs de notre site web et\/ou du public.<\/p><p><br><\/p><p>Si nous vendons une partie de nos actifs ou si nous concluons une coentreprise avec une autre entit\u00e9 commerciale, nous pouvons divulguer vos renseignements personnels \u00e0 nos nouveaux partenaires commerciaux ou propri\u00e9taires, qui pourront alors vous fournir des informations sur leurs produits et services.<\/p><p><br><\/p><p>CE SITE WEB UTILISE GOOGLE ADWORDS<\/p><p>Ce site web utilise le service de remarketing Google AdWords pour diffuser des publicit\u00e9s sur des sites web tiers (y compris Google) aupr\u00e8s des personnes ayant d\u00e9j\u00e0 visit\u00e9 notre site ou des audiences similaires. Cela pourrait signifier que nous diffusons des publicit\u00e9s aupr\u00e8s des visiteurs qui n&rsquo;ont pas finalis\u00e9 une action sur notre site, par exemple en utilisant le formulaire de contact pour poser une question. Ces publicit\u00e9s pourraient appara\u00eetre sur la page de r\u00e9sultats de recherche Google ou sur un site du R\u00e9seau Display de Google. Des fournisseurs tiers, dont Google, utilisent des cookies pour diffuser des annonces en fonction de vos visites pr\u00e9c\u00e9dentes sur le site web Okabashi.com. Bien entendu, toutes les donn\u00e9es collect\u00e9es seront utilis\u00e9es conform\u00e9ment \u00e0 notre politique de confidentialit\u00e9 et \u00e0 celle de Google. Vous pouvez param\u00e9trer vos pr\u00e9f\u00e9rences publicitaires Google sur la page \u00ab\u00a0Param\u00e8tres des annonces\u00a0\u00bb de Google et, si vous le souhaitez, d\u00e9sactiver compl\u00e8tement la publicit\u00e9 cibl\u00e9e par centres d&rsquo;int\u00e9r\u00eat via les param\u00e8tres des cookies ou de mani\u00e8re permanente gr\u00e2ce \u00e0 une extension de navigateur. S\u00c9CURIT\u00c9 ET CONSERVATION DES INFORMATIONS Nous mettons en \u0153uvre des mesures de s\u00e9curit\u00e9 pour prot\u00e9ger vos informations personnelles, en ligne et hors ligne, contre tout acc\u00e8s non autoris\u00e9, traitement illicite, perte accidentelle, destruction ou dommage. Nous chiffrons la plupart de nos services \u00e0 l&rsquo;aide du protocole SSL. Nous conserverons vos informations personnelles pendant une dur\u00e9e raisonnable ou aussi longtemps que la loi l&rsquo;exige.<\/p><p><br><\/p><p>DROIT DE MISE \u00c0 JOUR OU DE R\u00c9VISION DE LA POLITIQUE DE CONFIDENTIALIT\u00c9<\/p><p>Nous nous r\u00e9servons le droit de mettre \u00e0 jour et de r\u00e9viser la pr\u00e9sente Politique de confidentialit\u00e9 \u00e0 tout moment. Vous pouvez savoir si cette Politique de confidentialit\u00e9 a \u00e9t\u00e9 r\u00e9vis\u00e9e depuis votre derni\u00e8re visite sur le site web en consultant la date \u00ab\u00a0Date d&rsquo;entr\u00e9e en vigueur de la politique actuelle\u00a0\u00bb en haut de cette page. Votre utilisation de notre site web constitue votre acceptation de la pr\u00e9sente Politique de confidentialit\u00e9 telle que modifi\u00e9e ou r\u00e9vis\u00e9e par nos soins de temps \u00e0 autre, et vous devriez donc consulter r\u00e9guli\u00e8rement cette Politique de confidentialit\u00e9.<\/p><p><br><\/p><p>POLITIQUE RELATIVE AUX LIENS HYPERTEXTES<\/p><p>Veuillez noter que le Site peut contenir des liens vers des sites web tiers. Ces liens sont fournis uniquement \u00e0 titre indicatif. L&rsquo;inclusion d&rsquo;un lien n&rsquo;implique aucune affiliation, aucun parrainage, aucune approbation, aucune enqu\u00eate, aucune v\u00e9rification ni aucun contr\u00f4le par nos soins des informations contenues sur un site web tiers. Nous ne serons en aucun cas responsables des informations contenues sur ce site web ni de votre utilisation ou incapacit\u00e9 \u00e0 utiliser ce site. Veuillez \u00e9galement noter que les conditions g\u00e9n\u00e9rales d&rsquo;utilisation et la politique de confidentialit\u00e9 de ce site web peuvent diff\u00e9rer de celles applicables \u00e0 votre utilisation du site web.\n\n","protected":false},"excerpt":{"rendered":"<p>POLITIQUE DE CONFIDENTIALIT\u00c9 Cette politique de confidentialit\u00e9 d\u00e9crit comment nous recueillons, utilisons, partageons et prot\u00e9geons les informations obtenues aupr\u00e8s des<\/p>\n","protected":false},"author":1,"featured_media":0,"parent":0,"menu_order":0,"comment_status":"closed","ping_status":"closed","template":"","meta":{"footnotes":""},"class_list":["post-15615","page","type-page","status-publish","hentry"],"_links":{"self":[{"href":"https:\/\/www.jsbyjx.com\/index.php\/wp-json\/wp\/v2\/pages\/15615","targetHints":{"allow":["GET"]}}],"collection":[{"href":"https:\/\/www.jsbyjx.com\/index.php\/wp-json\/wp\/v2\/pages"}],"about":[{"href":"https:\/\/www.jsbyjx.com\/index.php\/wp-json\/wp\/v2\/types\/page"}],"author":[{"embeddable":true,"href":"https:\/\/www.jsbyjx.com\/index.php\/wp-json\/wp\/v2\/users\/1"}],"replies":[{"embeddable":true,"href":"https:\/\/www.jsbyjx.com\/index.php\/wp-json\/wp\/v2\/comments?post=15615"}],"version-history":[{"count":1,"href":"https:\/\/www.jsbyjx.com\/index.php\/wp-json\/wp\/v2\/pages\/15615\/revisions"}],"predecessor-version":[{"id":15616,"href":"https:\/\/www.jsbyjx.com\/index.php\/wp-json\/wp\/v2\/pages\/15615\/revisions\/15616"}],"wp:attachment":[{"href":"https:\/\/www.jsbyjx.com\/index.php\/wp-json\/wp\/v2\/media?parent=15615"}],"curies":[{"name":"wp","href":"https:\/\/api.w.org\/{rel}","templated":true}]}}