{"id":4400,"date":"2021-10-12T15:51:09","date_gmt":"2021-10-12T15:51:09","guid":{"rendered":"http:\/\/dummy.xtemos.com\/woodmart2\/elementor\/?page_id=4400"},"modified":"2026-04-07T11:43:56","modified_gmt":"2026-04-07T09:43:56","slug":"about-us-3","status":"publish","type":"page","link":"https:\/\/www.jsbyjx.com\/index.php\/about-us-3\/","title":{"rendered":"\u00c0 propos de nous"},"content":{"rendered":"\t\t<div data-elementor-type=\"wp-page\" data-elementor-id=\"4400\" class=\"elementor elementor-4400\">\n\t\t\t\t<div class=\"wd-negative-gap elementor-element elementor-element-5a0cc41 e-flex e-con-boxed e-con e-parent\" data-id=\"5a0cc41\" data-element_type=\"container\" data-e-type=\"container\">\n\t\t\t\t\t<div class=\"e-con-inner\">\n\t\t\t\t<div class=\"elementor-element elementor-element-de01ce3 elementor-widget elementor-widget-wd_text_block\" data-id=\"de01ce3\" data-element_type=\"widget\" data-e-type=\"widget\" data-widget_type=\"wd_text_block.default\">\n\t\t\t\t<div class=\"elementor-widget-container\">\n\t\t\t\t\t\t\t<div class=\"wd-text-block reset-last-child text-left\">\n\t\t\t\n\t\t\t<p data-start=\"165\" data-end=\"410\">Nous croyons que chaque d\u00e9tail du quotidien m\u00e9rite d\u2019\u00eatre \u00e0 la fois pratique, durable et esth\u00e9tique. C\u2019est dans cet esprit que nous proposons une s\u00e9lection soign\u00e9e de bouteilles, gourdes et tasses con\u00e7ues pour accompagner tous les styles de vie.<\/p><p data-start=\"412\" data-end=\"674\">Notre objectif est simple : offrir des produits fiables, fonctionnels et \u00e9l\u00e9gants, adapt\u00e9s aussi bien aux d\u00e9placements, au travail, au sport qu\u2019aux moments de d\u00e9tente. Chaque article est choisi avec attention pour sa qualit\u00e9, sa durabilit\u00e9 et son design moderne.<\/p><p data-start=\"676\" data-end=\"1023\">Nous accordons une importance particuli\u00e8re aux mat\u00e9riaux utilis\u00e9s et \u00e0 la facilit\u00e9 d\u2019utilisation, afin de garantir une exp\u00e9rience agr\u00e9able au quotidien. Que ce soit pour garder vos boissons chaudes ou fra\u00eeches plus longtemps, ou simplement pour r\u00e9duire l\u2019utilisation de contenants jetables, nos produits s\u2019inscrivent dans une d\u00e9marche responsable.<\/p><p data-start=\"1025\" data-end=\"1177\">Nous nous engageons \u00e0 fournir un service client attentif et une exp\u00e9rience d\u2019achat simple et s\u00e9curis\u00e9e. Votre satisfaction est au c\u0153ur de nos priorit\u00e9s.<\/p><p data-start=\"1179\" data-end=\"1282\">Rejoignez-nous dans une mani\u00e8re plus pratique, plus durable et plus \u00e9l\u00e9gante de consommer au quotidien.<\/p><p>Nom de l'entreprise:A A C E<\/p><p>Adresse:27 CHEMIN de la Pointe<br \/>81370 Saint-Sulpice-la-Pointe<br \/>FRANCE<br \/>Mail:Info@jsbyjx.com<\/p>\n\t\t\t\t\t<\/div>\n\t\t\t\t\t\t<\/div>\n\t\t\t\t<\/div>\n\t\t\t\t\t<\/div>\n\t\t\t\t<\/div>\n\t\t\t\t<\/div>\n\t\t","protected":false},"excerpt":{"rendered":"<p>Nous croyons que chaque d\u00e9tail du quotidien m\u00e9rite d\u2019\u00eatre \u00e0 la fois pratique, durable et esth\u00e9tique. C\u2019est dans cet esprit<\/p>\n","protected":false},"author":1,"featured_media":0,"parent":0,"menu_order":0,"comment_status":"closed","ping_status":"closed","template":"","meta":{"footnotes":""},"class_list":["post-4400","page","type-page","status-publish","hentry"],"_links":{"self":[{"href":"https:\/\/www.jsbyjx.com\/index.php\/wp-json\/wp\/v2\/pages\/4400","targetHints":{"allow":["GET"]}}],"collection":[{"href":"https:\/\/www.jsbyjx.com\/index.php\/wp-json\/wp\/v2\/pages"}],"about":[{"href":"https:\/\/www.jsbyjx.com\/index.php\/wp-json\/wp\/v2\/types\/page"}],"author":[{"embeddable":true,"href":"https:\/\/www.jsbyjx.com\/index.php\/wp-json\/wp\/v2\/users\/1"}],"replies":[{"embeddable":true,"href":"https:\/\/www.jsbyjx.com\/index.php\/wp-json\/wp\/v2\/comments?post=4400"}],"version-history":[{"count":4,"href":"https:\/\/www.jsbyjx.com\/index.php\/wp-json\/wp\/v2\/pages\/4400\/revisions"}],"predecessor-version":[{"id":15628,"href":"https:\/\/www.jsbyjx.com\/index.php\/wp-json\/wp\/v2\/pages\/4400\/revisions\/15628"}],"wp:attachment":[{"href":"https:\/\/www.jsbyjx.com\/index.php\/wp-json\/wp\/v2\/media?parent=4400"}],"curies":[{"name":"wp","href":"https:\/\/api.w.org\/{rel}","templated":true}]}}