{"id":8,"date":"2026-04-07T10:47:35","date_gmt":"2026-04-07T08:47:35","guid":{"rendered":"https:\/\/jsbyjx.com\/index.php\/cart\/"},"modified":"2026-04-07T11:24:11","modified_gmt":"2026-04-07T09:24:11","slug":"cart","status":"publish","type":"page","link":"https:\/\/www.jsbyjx.com\/index.php\/cart\/","title":{"rendered":"Cart"},"content":{"rendered":"\n<div data-block-name=\"woocommerce\/cart\" class=\"wp-block-woocommerce-cart alignwide is-loading\">\n<div data-block-name=\"woocommerce\/filled-cart-block\" class=\"wp-block-woocommerce-filled-cart-block\">\n<div data-block-name=\"woocommerce\/cart-items-block\" class=\"wp-block-woocommerce-cart-items-block\">\n<div data-block-name=\"woocommerce\/cart-line-items-block\" class=\"wp-block-woocommerce-cart-line-items-block\"><\/div>\n\n\n<\/div>\n\n\n\n\n<div data-block-name=\"woocommerce\/cart-totals-block\" class=\"wp-block-woocommerce-cart-totals-block\">\n<div data-block-name=\"woocommerce\/cart-order-summary-block\" class=\"wp-block-woocommerce-cart-order-summary-block\">\n<div data-block-name=\"woocommerce\/cart-order-summary-heading-block\" class=\"wp-block-woocommerce-cart-order-summary-heading-block\"><\/div><div data-block-name=\"woocommerce\/cart-order-summary-coupon-form-block\" class=\"wp-block-woocommerce-cart-order-summary-coupon-form-block\"><\/div><div data-block-name=\"woocommerce\/cart-order-summary-totals-block\" class=\"wp-block-woocommerce-cart-order-summary-totals-block\">\n<div data-block-name=\"woocommerce\/cart-order-summary-subtotal-block\" class=\"wp-block-woocommerce-cart-order-summary-subtotal-block\"><\/div>\n<div data-block-name=\"woocommerce\/cart-order-summary-discount-block\" class=\"wp-block-woocommerce-cart-order-summary-discount-block\"><\/div>\n<div data-block-name=\"woocommerce\/cart-order-summary-fee-block\" class=\"wp-block-woocommerce-cart-order-summary-fee-block\"><\/div>\n<div data-block-name=\"woocommerce\/cart-order-summary-shipping-block\" class=\"wp-block-woocommerce-cart-order-summary-shipping-block\"><\/div>\n<div data-block-name=\"woocommerce\/cart-order-summary-taxes-block\" class=\"wp-block-woocommerce-cart-order-summary-taxes-block\"><\/div><\/div>\n<\/div>\n\n\n\n<div data-block-name=\"woocommerce\/cart-express-payment-block\" class=\"wp-block-woocommerce-cart-express-payment-block\"><\/div>\n\n\n\n<div data-block-name=\"woocommerce\/proceed-to-checkout-block\" class=\"wp-block-woocommerce-proceed-to-checkout-block\"><\/div>\n\n\n\n<div data-block-name=\"woocommerce\/cart-accepted-payment-methods-block\" class=\"wp-block-woocommerce-cart-accepted-payment-methods-block\"><\/div>\n<\/div>\n<\/div>\n\n\n\n<div data-block-name=\"woocommerce\/empty-cart-block\" class=\"wp-block-woocommerce-empty-cart-block\">\n<h2 class=\"wp-block-heading has-text-align-center with-empty-cart-icon wc-block-cart__empty-cart__title\">Your cart is currently empty!<\/h2>\n\n\n\n<hr class=\"wp-block-separator has-alpha-channel-opacity is-style-dots\"\/>\n\n\n\n<h2 class=\"wp-block-heading has-text-align-center\">New in store<\/h2>\n\n\n<div data-block-name=\"woocommerce\/product-new\" data-columns=\"4\" data-rows=\"1\" class=\"wc-block-grid wp-block-product-new wp-block-woocommerce-product-new wc-block-product-new has-4-columns\"><ul class=\"wc-block-grid__products\"><li class=\"wc-block-grid__product\">\n\t\t\t\t<a href=\"https:\/\/www.jsbyjx.com\/index.php\/product\/lot-de-3-gourdes-de-sport-avec-marqueur-de-temps-gourdes-portables-et-reutilisables-en-plastique-avec-paille-ideales-pour-lete\/\" class=\"wc-block-grid__product-link\">\n\t\t\t\t\t\n\t\t\t\t\t<div class=\"wc-block-grid__product-image\"><img fetchpriority=\"high\" decoding=\"async\" width=\"430\" height=\"430\" src=\"https:\/\/www.jsbyjx.com\/wp-content\/uploads\/2026\/04\/WBT-3256805084605039-430x430.jpg\" class=\"attachment-woocommerce_thumbnail size-woocommerce_thumbnail\" alt=\"Lot de 3 gourdes de sport avec marqueur de temps, gourdes portables et r\u00e9utilisables en plastique avec paille, id\u00e9ales pour l&#039;\u00e9t\u00e9.\" srcset=\"https:\/\/www.jsbyjx.com\/wp-content\/uploads\/2026\/04\/WBT-3256805084605039-430x430.jpg 430w, https:\/\/www.jsbyjx.com\/wp-content\/uploads\/2026\/04\/WBT-3256805084605039-150x150.jpg 150w, https:\/\/www.jsbyjx.com\/wp-content\/uploads\/2026\/04\/WBT-3256805084605039-700x700.jpg 700w, https:\/\/www.jsbyjx.com\/wp-content\/uploads\/2026\/04\/WBT-3256805084605039-300x300.jpg 300w, https:\/\/www.jsbyjx.com\/wp-content\/uploads\/2026\/04\/WBT-3256805084605039-768x768.jpg 768w, https:\/\/www.jsbyjx.com\/wp-content\/uploads\/2026\/04\/WBT-3256805084605039.jpg 800w\" sizes=\"(max-width: 430px) 100vw, 430px\" \/><\/div>\n\t\t\t\t\t<div class=\"wc-block-grid__product-title\">Lot de 3 gourdes de sport avec marqueur de temps, gourdes portables et r\u00e9utilisables en plastique avec paille, id\u00e9ales pour l&rsquo;\u00e9t\u00e9.<\/div>\n\t\t\t\t<\/a>\n\t\t\t\t<div class=\"wc-block-grid__product-price price\"><span class=\"woocommerce-Price-amount amount\">34,99&nbsp;<span class=\"woocommerce-Price-currencySymbol\">&euro;<\/span><\/span><\/div>\n\t\t\t\t\n\t\t\t\t<div class=\"wp-block-button wc-block-grid__product-add-to-cart\"><a href=\"\/index.php\/wp-json\/wp\/v2\/pages\/8?add-to-cart=95\" aria-label=\"Ajouter au panier\u00a0: &ldquo;Lot de 3 gourdes de sport avec marqueur de temps, gourdes portables et r\u00e9utilisables en plastique avec paille, id\u00e9ales pour l&#039;\u00e9t\u00e9.&rdquo;\" data-quantity=\"1\" data-product_id=\"95\" data-product_sku=\"BOTTLE-3256805084605039\" data-price=\"34.99\" rel=\"nofollow\" class=\"wp-block-button__link  add_to_cart_button ajax_add_to_cart\">Ajouter au panier<\/a><\/div>\n\t\t\t<\/li><li class=\"wc-block-grid__product\">\n\t\t\t\t<a href=\"https:\/\/www.jsbyjx.com\/index.php\/product\/gourde-de-sport-de-2-litres-avec-paille-pour-hommes-et-femmes-ideale-pour-le-fitness-et-les-activites-de-plein-air-incluse-indicateur-de-temps\/\" class=\"wc-block-grid__product-link\">\n\t\t\t\t\t\n\t\t\t\t\t<div class=\"wc-block-grid__product-image\"><img decoding=\"async\" width=\"430\" height=\"430\" src=\"https:\/\/www.jsbyjx.com\/wp-content\/uploads\/2026\/04\/WBT-3256805002111606-430x430.jpg\" class=\"attachment-woocommerce_thumbnail size-woocommerce_thumbnail\" alt=\"Gourde de sport de 2 litres avec paille, pour hommes et femmes, id\u00e9ale pour le fitness et les activit\u00e9s de plein air. Incluse : indicateur de temps.\" srcset=\"https:\/\/www.jsbyjx.com\/wp-content\/uploads\/2026\/04\/WBT-3256805002111606-430x430.jpg 430w, https:\/\/www.jsbyjx.com\/wp-content\/uploads\/2026\/04\/WBT-3256805002111606-150x150.jpg 150w, https:\/\/www.jsbyjx.com\/wp-content\/uploads\/2026\/04\/WBT-3256805002111606-700x700.jpg 700w, https:\/\/www.jsbyjx.com\/wp-content\/uploads\/2026\/04\/WBT-3256805002111606-300x300.jpg 300w, https:\/\/www.jsbyjx.com\/wp-content\/uploads\/2026\/04\/WBT-3256805002111606-768x768.jpg 768w, https:\/\/www.jsbyjx.com\/wp-content\/uploads\/2026\/04\/WBT-3256805002111606.jpg 800w\" sizes=\"(max-width: 430px) 100vw, 430px\" \/><\/div>\n\t\t\t\t\t<div class=\"wc-block-grid__product-title\">Gourde de sport de 2 litres avec paille, pour hommes et femmes, id\u00e9ale pour le fitness et les activit\u00e9s de plein air. Incluse : indicateur de temps.<\/div>\n\t\t\t\t<\/a>\n\t\t\t\t<div class=\"wc-block-grid__product-price price\"><span class=\"woocommerce-Price-amount amount\">37,99&nbsp;<span class=\"woocommerce-Price-currencySymbol\">&euro;<\/span><\/span><\/div>\n\t\t\t\t\n\t\t\t\t<div class=\"wp-block-button wc-block-grid__product-add-to-cart\"><a href=\"\/index.php\/wp-json\/wp\/v2\/pages\/8?add-to-cart=93\" aria-label=\"Ajouter au panier\u00a0: &ldquo;Gourde de sport de 2 litres avec paille, pour hommes et femmes, id\u00e9ale pour le fitness et les activit\u00e9s de plein air. Incluse : indicateur de temps.&rdquo;\" data-quantity=\"1\" data-product_id=\"93\" data-product_sku=\"BOTTLE-3256805002111606\" data-price=\"37.99\" rel=\"nofollow\" class=\"wp-block-button__link  add_to_cart_button ajax_add_to_cart\">Ajouter au panier<\/a><\/div>\n\t\t\t<\/li><li class=\"wc-block-grid__product\">\n\t\t\t\t<a href=\"https:\/\/www.jsbyjx.com\/index.php\/product\/gourde-de-sport-grande-capacite-1l-15l-2l-3l-ideale-pour-le-fitness-en-exterieur-le-velo-le-camping-lalpinisme-et-le-sport-en-plein-air\/\" class=\"wc-block-grid__product-link\">\n\t\t\t\t\t\n\t\t\t\t\t<div class=\"wc-block-grid__product-image\"><img decoding=\"async\" width=\"430\" height=\"430\" src=\"https:\/\/www.jsbyjx.com\/wp-content\/uploads\/2026\/04\/WBT-3256805010311950-430x430.jpg\" class=\"attachment-woocommerce_thumbnail size-woocommerce_thumbnail\" alt=\"Gourde de sport grande capacit\u00e9 1L, 1,5L, 2L, 3L, id\u00e9ale pour le fitness en ext\u00e9rieur, le v\u00e9lo, le camping, l&#039;alpinisme et le sport en plein air.\" srcset=\"https:\/\/www.jsbyjx.com\/wp-content\/uploads\/2026\/04\/WBT-3256805010311950-430x430.jpg 430w, https:\/\/www.jsbyjx.com\/wp-content\/uploads\/2026\/04\/WBT-3256805010311950-150x150.jpg 150w, https:\/\/www.jsbyjx.com\/wp-content\/uploads\/2026\/04\/WBT-3256805010311950-700x700.jpg 700w, https:\/\/www.jsbyjx.com\/wp-content\/uploads\/2026\/04\/WBT-3256805010311950-300x300.jpg 300w, https:\/\/www.jsbyjx.com\/wp-content\/uploads\/2026\/04\/WBT-3256805010311950-768x768.jpg 768w, https:\/\/www.jsbyjx.com\/wp-content\/uploads\/2026\/04\/WBT-3256805010311950.jpg 800w\" sizes=\"(max-width: 430px) 100vw, 430px\" \/><\/div>\n\t\t\t\t\t<div class=\"wc-block-grid__product-title\">Gourde de sport grande capacit\u00e9 1L, 1,5L, 2L, 3L, id\u00e9ale pour le fitness en ext\u00e9rieur, le v\u00e9lo, le camping, l&rsquo;alpinisme et le sport en plein air.<\/div>\n\t\t\t\t<\/a>\n\t\t\t\t<div class=\"wc-block-grid__product-price price\"><span class=\"woocommerce-Price-amount amount\">30,99&nbsp;<span class=\"woocommerce-Price-currencySymbol\">&euro;<\/span><\/span><\/div>\n\t\t\t\t\n\t\t\t\t<div class=\"wp-block-button wc-block-grid__product-add-to-cart\"><a href=\"\/index.php\/wp-json\/wp\/v2\/pages\/8?add-to-cart=91\" aria-label=\"Ajouter au panier\u00a0: &ldquo;Gourde de sport grande capacit\u00e9 1L, 1,5L, 2L, 3L, id\u00e9ale pour le fitness en ext\u00e9rieur, le v\u00e9lo, le camping, l&#039;alpinisme et le sport en plein air.&rdquo;\" data-quantity=\"1\" data-product_id=\"91\" data-product_sku=\"BOTTLE-3256805010311950\" data-price=\"30.99\" rel=\"nofollow\" class=\"wp-block-button__link  add_to_cart_button ajax_add_to_cart\">Ajouter au panier<\/a><\/div>\n\t\t\t<\/li><li class=\"wc-block-grid__product\">\n\t\t\t\t<a href=\"https:\/\/www.jsbyjx.com\/index.php\/product\/bouilloire-froide-35-l-avec-robinet-distributeur-de-boissons-seau-isotherme-bouteille-de-limonade-carafe-a-eau-cuisine\/\" class=\"wc-block-grid__product-link\">\n\t\t\t\t\t\n\t\t\t\t\t<div class=\"wc-block-grid__product-image\"><img loading=\"lazy\" decoding=\"async\" width=\"430\" height=\"430\" src=\"https:\/\/www.jsbyjx.com\/wp-content\/uploads\/2026\/04\/WBT-3256805566268222-430x430.jpg\" class=\"attachment-woocommerce_thumbnail size-woocommerce_thumbnail\" alt=\"Bouilloire froide 3,5 L avec robinet, distributeur de boissons, seau isotherme, bouteille de limonade, carafe \u00e0 eau, cuisine\" srcset=\"https:\/\/www.jsbyjx.com\/wp-content\/uploads\/2026\/04\/WBT-3256805566268222-430x430.jpg 430w, https:\/\/www.jsbyjx.com\/wp-content\/uploads\/2026\/04\/WBT-3256805566268222-150x150.jpg 150w, https:\/\/www.jsbyjx.com\/wp-content\/uploads\/2026\/04\/WBT-3256805566268222-700x700.jpg 700w, https:\/\/www.jsbyjx.com\/wp-content\/uploads\/2026\/04\/WBT-3256805566268222-300x300.jpg 300w, https:\/\/www.jsbyjx.com\/wp-content\/uploads\/2026\/04\/WBT-3256805566268222-768x768.jpg 768w, https:\/\/www.jsbyjx.com\/wp-content\/uploads\/2026\/04\/WBT-3256805566268222.jpg 800w\" sizes=\"(max-width: 430px) 100vw, 430px\" \/><\/div>\n\t\t\t\t\t<div class=\"wc-block-grid__product-title\">Bouilloire froide 3,5 L avec robinet, distributeur de boissons, seau isotherme, bouteille de limonade, carafe \u00e0 eau, cuisine<\/div>\n\t\t\t\t<\/a>\n\t\t\t\t<div class=\"wc-block-grid__product-price price\"><span class=\"woocommerce-Price-amount amount\">34,99&nbsp;<span class=\"woocommerce-Price-currencySymbol\">&euro;<\/span><\/span><\/div>\n\t\t\t\t\n\t\t\t\t<div class=\"wp-block-button wc-block-grid__product-add-to-cart\"><a href=\"\/index.php\/wp-json\/wp\/v2\/pages\/8?add-to-cart=87\" aria-label=\"Ajouter au panier\u00a0: &ldquo;Bouilloire froide 3,5 L avec robinet, distributeur de boissons, seau isotherme, bouteille de limonade, carafe \u00e0 eau, cuisine&rdquo;\" data-quantity=\"1\" data-product_id=\"87\" data-product_sku=\"BOTTLE-3256805566268222\" data-price=\"34.99\" rel=\"nofollow\" class=\"wp-block-button__link  add_to_cart_button ajax_add_to_cart\">Ajouter au panier<\/a><\/div>\n\t\t\t<\/li><\/ul><\/div><\/div>\n<\/div>\n","protected":false},"excerpt":{"rendered":"","protected":false},"author":1,"featured_media":0,"parent":0,"menu_order":0,"comment_status":"closed","ping_status":"closed","template":"","meta":{"footnotes":""},"class_list":["post-8","page","type-page","status-publish","hentry"],"_links":{"self":[{"href":"https:\/\/www.jsbyjx.com\/index.php\/wp-json\/wp\/v2\/pages\/8","targetHints":{"allow":["GET"]}}],"collection":[{"href":"https:\/\/www.jsbyjx.com\/index.php\/wp-json\/wp\/v2\/pages"}],"about":[{"href":"https:\/\/www.jsbyjx.com\/index.php\/wp-json\/wp\/v2\/types\/page"}],"author":[{"embeddable":true,"href":"https:\/\/www.jsbyjx.com\/index.php\/wp-json\/wp\/v2\/users\/1"}],"replies":[{"embeddable":true,"href":"https:\/\/www.jsbyjx.com\/index.php\/wp-json\/wp\/v2\/comments?post=8"}],"version-history":[{"count":1,"href":"https:\/\/www.jsbyjx.com\/index.php\/wp-json\/wp\/v2\/pages\/8\/revisions"}],"predecessor-version":[{"id":12,"href":"https:\/\/www.jsbyjx.com\/index.php\/wp-json\/wp\/v2\/pages\/8\/revisions\/12"}],"wp:attachment":[{"href":"https:\/\/www.jsbyjx.com\/index.php\/wp-json\/wp\/v2\/media?parent=8"}],"curies":[{"name":"wp","href":"https:\/\/api.w.org\/{rel}","templated":true}]}}