{"id":15,"date":"2026-04-07T10:48:58","date_gmt":"2026-04-07T08:48:58","guid":{"rendered":"https:\/\/jsbyjx.com\/index.php\/product\/mug-minimaliste-grande-capacite-style-nordique-en-ceramique-bleue-unie-style-moderne-et-creatif-pour-le-petit-dejeuner-le-lait-ou-le-cafe-mm66mkb\/"},"modified":"2026-04-07T10:48:58","modified_gmt":"2026-04-07T08:48:58","slug":"mug-minimaliste-grande-capacite-style-nordique-en-ceramique-bleue-unie-style-moderne-et-creatif-pour-le-petit-dejeuner-le-lait-ou-le-cafe-mm66mkb","status":"publish","type":"product","link":"https:\/\/www.jsbyjx.com\/index.php\/product\/mug-minimaliste-grande-capacite-style-nordique-en-ceramique-bleue-unie-style-moderne-et-creatif-pour-le-petit-dejeuner-le-lait-ou-le-cafe-mm66mkb\/","title":{"rendered":"Mug minimaliste grande capacit\u00e9, style nordique, en c\u00e9ramique bleue unie, style moderne et cr\u00e9atif, pour le petit-d\u00e9jeuner, le lait ou le caf\u00e9 (MM66MKB)."},"content":{"rendered":"<p>Mat\u00e9riau\u00a0: c\u00e9ramique Type de c\u00e9ramique\u00a0: porcelaine Type\u00a0: tasse \u00e0 lait Style\u00a0: simple Accessoires\u00a0: aucun Forme\u00a0: avec poign\u00e9e Sp\u00e9cifications\u00a0: 1 Certification\u00a0: CIQ Num\u00e9ro de mod\u00e8le\u00a0: tasse Caract\u00e9ristique\u00a0: \u00e9cologique Texture du mat\u00e9riau\u00a0: poterie et porcelaine Style\u00a0: style nordique Destin\u00e9 \u00e0\u00a0: grand public Fabrication manuelle\u00a0: oui<\/p>\n","protected":false},"excerpt":{"rendered":"<p>Mat\u00e9riau\u00a0: c\u00e9ramique Type de c\u00e9ramique\u00a0: porcelaine Type\u00a0: tasse \u00e0 lait Style\u00a0: simple Accessoires\u00a0: aucun Forme\u00a0: avec poign\u00e9e Sp\u00e9cifications\u00a0: 1 Certification\u00a0:<\/p>\n","protected":false},"featured_media":14,"comment_status":"open","ping_status":"closed","template":"","meta":[],"product_brand":[],"product_cat":[16],"product_tag":[],"class_list":{"0":"post-15","1":"product","2":"type-product","3":"status-publish","4":"has-post-thumbnail","6":"product_cat-tasse-deau-quotidienne","8":"first","9":"instock","10":"shipping-taxable","11":"purchasable","12":"product-type-simple"},"_links":{"self":[{"href":"https:\/\/www.jsbyjx.com\/index.php\/wp-json\/wp\/v2\/product\/15","targetHints":{"allow":["GET"]}}],"collection":[{"href":"https:\/\/www.jsbyjx.com\/index.php\/wp-json\/wp\/v2\/product"}],"about":[{"href":"https:\/\/www.jsbyjx.com\/index.php\/wp-json\/wp\/v2\/types\/product"}],"replies":[{"embeddable":true,"href":"https:\/\/www.jsbyjx.com\/index.php\/wp-json\/wp\/v2\/comments?post=15"}],"version-history":[{"count":0,"href":"https:\/\/www.jsbyjx.com\/index.php\/wp-json\/wp\/v2\/product\/15\/revisions"}],"wp:featuredmedia":[{"embeddable":true,"href":"https:\/\/www.jsbyjx.com\/index.php\/wp-json\/wp\/v2\/media\/14"}],"wp:attachment":[{"href":"https:\/\/www.jsbyjx.com\/index.php\/wp-json\/wp\/v2\/media?parent=15"}],"wp:term":[{"taxonomy":"product_brand","embeddable":true,"href":"https:\/\/www.jsbyjx.com\/index.php\/wp-json\/wp\/v2\/product_brand?post=15"},{"taxonomy":"product_cat","embeddable":true,"href":"https:\/\/www.jsbyjx.com\/index.php\/wp-json\/wp\/v2\/product_cat?post=15"},{"taxonomy":"product_tag","embeddable":true,"href":"https:\/\/www.jsbyjx.com\/index.php\/wp-json\/wp\/v2\/product_tag?post=15"}],"curies":[{"name":"wp","href":"https:\/\/api.w.org\/{rel}","templated":true}]}}