{"id":19,"date":"2026-04-07T10:49:01","date_gmt":"2026-04-07T08:49:01","guid":{"rendered":"https:\/\/jsbyjx.com\/index.php\/product\/ensemble-tasse-et-soucoupe-en-ceramique-rose-incassable-style-japonais-en-porcelaine-pour-la-decoration-interieure-oo50bd\/"},"modified":"2026-04-07T10:49:02","modified_gmt":"2026-04-07T08:49:02","slug":"ensemble-tasse-et-soucoupe-en-ceramique-rose-incassable-style-japonais-en-porcelaine-pour-la-decoration-interieure-oo50bd","status":"publish","type":"product","link":"https:\/\/www.jsbyjx.com\/index.php\/product\/ensemble-tasse-et-soucoupe-en-ceramique-rose-incassable-style-japonais-en-porcelaine-pour-la-decoration-interieure-oo50bd\/","title":{"rendered":"Ensemble tasse et soucoupe en c\u00e9ramique rose incassable, style japonais, en porcelaine, pour la d\u00e9coration int\u00e9rieure (OO50BD)."},"content":{"rendered":"<p>Type\u00a0: Soucoupes \u00e0 caf\u00e9 Mat\u00e9riau\u00a0: C\u00e9ramique Type de c\u00e9ramique\u00a0: Porcelaine Technique\u00a0: \u00c9maill\u00e9e Certification\u00a0: CIQ Quantit\u00e9\u00a0: 1 Num\u00e9ro de mod\u00e8le\u00a0: Luxe Caract\u00e9ristique\u00a0: \u00c9cologique Caract\u00e9ristique\u00a0: En stock Mat\u00e9riau\u00a0: Porcelaine Style\u00a0: Cor\u00e9en Nombre\u00a0: 1 pi\u00e8ce<\/p>\n","protected":false},"excerpt":{"rendered":"<p>Type\u00a0: Soucoupes \u00e0 caf\u00e9 Mat\u00e9riau\u00a0: C\u00e9ramique Type de c\u00e9ramique\u00a0: Porcelaine Technique\u00a0: \u00c9maill\u00e9e Certification\u00a0: CIQ Quantit\u00e9\u00a0: 1 Num\u00e9ro de mod\u00e8le\u00a0: Luxe<\/p>\n","protected":false},"featured_media":18,"comment_status":"open","ping_status":"closed","template":"","meta":[],"product_brand":[],"product_cat":[16],"product_tag":[],"class_list":{"0":"post-19","1":"product","2":"type-product","3":"status-publish","4":"has-post-thumbnail","6":"product_cat-tasse-deau-quotidienne","8":"first","9":"instock","10":"shipping-taxable","11":"purchasable","12":"product-type-simple"},"_links":{"self":[{"href":"https:\/\/www.jsbyjx.com\/index.php\/wp-json\/wp\/v2\/product\/19","targetHints":{"allow":["GET"]}}],"collection":[{"href":"https:\/\/www.jsbyjx.com\/index.php\/wp-json\/wp\/v2\/product"}],"about":[{"href":"https:\/\/www.jsbyjx.com\/index.php\/wp-json\/wp\/v2\/types\/product"}],"replies":[{"embeddable":true,"href":"https:\/\/www.jsbyjx.com\/index.php\/wp-json\/wp\/v2\/comments?post=19"}],"version-history":[{"count":0,"href":"https:\/\/www.jsbyjx.com\/index.php\/wp-json\/wp\/v2\/product\/19\/revisions"}],"wp:featuredmedia":[{"embeddable":true,"href":"https:\/\/www.jsbyjx.com\/index.php\/wp-json\/wp\/v2\/media\/18"}],"wp:attachment":[{"href":"https:\/\/www.jsbyjx.com\/index.php\/wp-json\/wp\/v2\/media?parent=19"}],"wp:term":[{"taxonomy":"product_brand","embeddable":true,"href":"https:\/\/www.jsbyjx.com\/index.php\/wp-json\/wp\/v2\/product_brand?post=19"},{"taxonomy":"product_cat","embeddable":true,"href":"https:\/\/www.jsbyjx.com\/index.php\/wp-json\/wp\/v2\/product_cat?post=19"},{"taxonomy":"product_tag","embeddable":true,"href":"https:\/\/www.jsbyjx.com\/index.php\/wp-json\/wp\/v2\/product_tag?post=19"}],"curies":[{"name":"wp","href":"https:\/\/api.w.org\/{rel}","templated":true}]}}