{"id":21,"date":"2026-04-07T10:49:05","date_gmt":"2026-04-07T08:49:05","guid":{"rendered":"https:\/\/jsbyjx.com\/index.php\/product\/tasse-a-cafe-en-ceramique-creative-avec-cuillere-integree-ideale-pour-les-couples-les-voyages-la-maison-ou-le-bureau-cadeau-elegant-pour-les-amateurs-de-the-ee5mk\/"},"modified":"2026-04-07T10:49:05","modified_gmt":"2026-04-07T08:49:05","slug":"tasse-a-cafe-en-ceramique-creative-avec-cuillere-integree-ideale-pour-les-couples-les-voyages-la-maison-ou-le-bureau-cadeau-elegant-pour-les-amateurs-de-the-ee5mk","status":"publish","type":"product","link":"https:\/\/www.jsbyjx.com\/index.php\/product\/tasse-a-cafe-en-ceramique-creative-avec-cuillere-integree-ideale-pour-les-couples-les-voyages-la-maison-ou-le-bureau-cadeau-elegant-pour-les-amateurs-de-the-ee5mk\/","title":{"rendered":"Tasse \u00e0 caf\u00e9 en c\u00e9ramique cr\u00e9ative avec cuill\u00e8re int\u00e9gr\u00e9e, id\u00e9ale pour les couples, les voyages, la maison ou le bureau. Cadeau \u00e9l\u00e9gant pour les amateurs de th\u00e9 (EE5MK)."},"content":{"rendered":"<p>Mat\u00e9riau\u00a0: c\u00e9ramique\u00a0; Type de c\u00e9ramique\u00a0: porcelaine\u00a0; Type\u00a0: tasses \u00e0 caf\u00e9\u00a0; Style\u00a0: cr\u00e9atif\u00a0; Accessoires\u00a0: cuill\u00e8re incluse\u00a0; Forme\u00a0: poign\u00e9e\u00a0; Sp\u00e9cifications\u00a0: coffret cadeau\u00a0; Certification\u00a0: CIQ\u00a0; Caract\u00e9ristique\u00a0: \u00e9cologique<\/p>\n","protected":false},"excerpt":{"rendered":"<p>Mat\u00e9riau\u00a0: c\u00e9ramique\u00a0; Type de c\u00e9ramique\u00a0: porcelaine\u00a0; Type\u00a0: tasses \u00e0 caf\u00e9\u00a0; Style\u00a0: cr\u00e9atif\u00a0; Accessoires\u00a0: cuill\u00e8re incluse\u00a0; Forme\u00a0: poign\u00e9e\u00a0; Sp\u00e9cifications\u00a0: coffret cadeau\u00a0;<\/p>\n","protected":false},"featured_media":20,"comment_status":"open","ping_status":"closed","template":"","meta":[],"product_brand":[],"product_cat":[16],"product_tag":[],"class_list":{"0":"post-21","1":"product","2":"type-product","3":"status-publish","4":"has-post-thumbnail","6":"product_cat-tasse-deau-quotidienne","8":"first","9":"instock","10":"shipping-taxable","11":"purchasable","12":"product-type-simple"},"_links":{"self":[{"href":"https:\/\/www.jsbyjx.com\/index.php\/wp-json\/wp\/v2\/product\/21","targetHints":{"allow":["GET"]}}],"collection":[{"href":"https:\/\/www.jsbyjx.com\/index.php\/wp-json\/wp\/v2\/product"}],"about":[{"href":"https:\/\/www.jsbyjx.com\/index.php\/wp-json\/wp\/v2\/types\/product"}],"replies":[{"embeddable":true,"href":"https:\/\/www.jsbyjx.com\/index.php\/wp-json\/wp\/v2\/comments?post=21"}],"version-history":[{"count":0,"href":"https:\/\/www.jsbyjx.com\/index.php\/wp-json\/wp\/v2\/product\/21\/revisions"}],"wp:featuredmedia":[{"embeddable":true,"href":"https:\/\/www.jsbyjx.com\/index.php\/wp-json\/wp\/v2\/media\/20"}],"wp:attachment":[{"href":"https:\/\/www.jsbyjx.com\/index.php\/wp-json\/wp\/v2\/media?parent=21"}],"wp:term":[{"taxonomy":"product_brand","embeddable":true,"href":"https:\/\/www.jsbyjx.com\/index.php\/wp-json\/wp\/v2\/product_brand?post=21"},{"taxonomy":"product_cat","embeddable":true,"href":"https:\/\/www.jsbyjx.com\/index.php\/wp-json\/wp\/v2\/product_cat?post=21"},{"taxonomy":"product_tag","embeddable":true,"href":"https:\/\/www.jsbyjx.com\/index.php\/wp-json\/wp\/v2\/product_tag?post=21"}],"curies":[{"name":"wp","href":"https:\/\/api.w.org\/{rel}","templated":true}]}}