{"id":23,"date":"2026-04-07T10:49:06","date_gmt":"2026-04-07T08:49:06","guid":{"rendered":"https:\/\/jsbyjx.com\/index.php\/product\/ensemble-tasse-et-soucoupe-a-cafe-en-ceramique-de-luxe-petites-tasses-incassables-en-porcelaine-style-japonais-ref-oo5bd\/"},"modified":"2026-04-07T10:49:06","modified_gmt":"2026-04-07T08:49:06","slug":"ensemble-tasse-et-soucoupe-a-cafe-en-ceramique-de-luxe-petites-tasses-incassables-en-porcelaine-style-japonais-ref-oo5bd","status":"publish","type":"product","link":"https:\/\/www.jsbyjx.com\/index.php\/product\/ensemble-tasse-et-soucoupe-a-cafe-en-ceramique-de-luxe-petites-tasses-incassables-en-porcelaine-style-japonais-ref-oo5bd\/","title":{"rendered":"Ensemble tasse et soucoupe \u00e0 caf\u00e9 en c\u00e9ramique de luxe, petites tasses incassables en porcelaine, style japonais (r\u00e9f. OO5BD)."},"content":{"rendered":"<p>Type\u00a0: Tasses \u00e0 caf\u00e9 et soucoupes Mat\u00e9riau\u00a0: C\u00e9ramique Type de c\u00e9ramique\u00a0: Porcelaine Technique\u00a0: \u00c9maill\u00e9e Certification\u00a0: CIQ Quantit\u00e9\u00a0: 1 Num\u00e9ro de mod\u00e8le\u00a0: Luxe Caract\u00e9ristique\u00a0: \u00c9cologique Caract\u00e9ristique\u00a0: En stock Mat\u00e9riau\u00a0: Porcelaine Style\u00a0: Nordique \u00c9l\u00e9ments populaires\u00a0: Couleur macaron Accessoire pour tasse \u00e0 caf\u00e9\u00a0: Avec plateau Source de l&rsquo;image principale\u00a0: Personnage autonome Num\u00e9ro de photo\u00a0: Coffret cadeau Fait main ou non\u00a0: Oui<\/p>\n","protected":false},"excerpt":{"rendered":"<p>Type\u00a0: Tasses \u00e0 caf\u00e9 et soucoupes Mat\u00e9riau\u00a0: C\u00e9ramique Type de c\u00e9ramique\u00a0: Porcelaine Technique\u00a0: \u00c9maill\u00e9e Certification\u00a0: CIQ Quantit\u00e9\u00a0: 1 Num\u00e9ro de<\/p>\n","protected":false},"featured_media":22,"comment_status":"open","ping_status":"closed","template":"","meta":[],"product_brand":[],"product_cat":[16],"product_tag":[],"class_list":{"0":"post-23","1":"product","2":"type-product","3":"status-publish","4":"has-post-thumbnail","6":"product_cat-tasse-deau-quotidienne","8":"first","9":"instock","10":"shipping-taxable","11":"purchasable","12":"product-type-simple"},"_links":{"self":[{"href":"https:\/\/www.jsbyjx.com\/index.php\/wp-json\/wp\/v2\/product\/23","targetHints":{"allow":["GET"]}}],"collection":[{"href":"https:\/\/www.jsbyjx.com\/index.php\/wp-json\/wp\/v2\/product"}],"about":[{"href":"https:\/\/www.jsbyjx.com\/index.php\/wp-json\/wp\/v2\/types\/product"}],"replies":[{"embeddable":true,"href":"https:\/\/www.jsbyjx.com\/index.php\/wp-json\/wp\/v2\/comments?post=23"}],"version-history":[{"count":0,"href":"https:\/\/www.jsbyjx.com\/index.php\/wp-json\/wp\/v2\/product\/23\/revisions"}],"wp:featuredmedia":[{"embeddable":true,"href":"https:\/\/www.jsbyjx.com\/index.php\/wp-json\/wp\/v2\/media\/22"}],"wp:attachment":[{"href":"https:\/\/www.jsbyjx.com\/index.php\/wp-json\/wp\/v2\/media?parent=23"}],"wp:term":[{"taxonomy":"product_brand","embeddable":true,"href":"https:\/\/www.jsbyjx.com\/index.php\/wp-json\/wp\/v2\/product_brand?post=23"},{"taxonomy":"product_cat","embeddable":true,"href":"https:\/\/www.jsbyjx.com\/index.php\/wp-json\/wp\/v2\/product_cat?post=23"},{"taxonomy":"product_tag","embeddable":true,"href":"https:\/\/www.jsbyjx.com\/index.php\/wp-json\/wp\/v2\/product_tag?post=23"}],"curies":[{"name":"wp","href":"https:\/\/api.w.org\/{rel}","templated":true}]}}