{"id":25,"date":"2026-04-07T10:49:08","date_gmt":"2026-04-07T08:49:08","guid":{"rendered":"https:\/\/jsbyjx.com\/index.php\/product\/bouteille-deau-isotherme-en-acier-inoxydable-etanche-grande-capacite-reutilisable-gourde-velo-school-bottles-kk60sh\/"},"modified":"2026-04-07T10:49:08","modified_gmt":"2026-04-07T08:49:08","slug":"bouteille-deau-isotherme-en-acier-inoxydable-etanche-grande-capacite-reutilisable-gourde-velo-school-bottles-kk60sh","status":"publish","type":"product","link":"https:\/\/www.jsbyjx.com\/index.php\/product\/bouteille-deau-isotherme-en-acier-inoxydable-etanche-grande-capacite-reutilisable-gourde-velo-school-bottles-kk60sh\/","title":{"rendered":"Bouteille d&rsquo;eau isotherme en acier inoxydable, \u00e9tanche, grande capacit\u00e9, r\u00e9utilisable, Gourde Velo School Bottles KK60SH"},"content":{"rendered":"<p>Mat\u00e9riau\u00a0: ACIER INOXYDABLE Public cible\u00a0: Adultes Num\u00e9ro de mod\u00e8le\u00a0: kattle Mode de distribution d&rsquo;eau\u00a0: Pression Performance d&rsquo;isolation thermique\u00a0: Isolation thermique Style\u00a0: Bri\u00e8ve Type d&rsquo;approvisionnement\u00a0: En stock Forme\u00a0: Poign\u00e9e Eau bouillante\u00a0: Compatible Certification\u00a0: CIQ Qualit\u00e9 du mat\u00e9riau\u00a0: Acier inoxydable 304 Style\u00a0: Europ\u00e9en \u00c9l\u00e9ments populaires\u00a0: Color\u00e9 Classification des couleurs\u00a0: Blanc, noir, rouge Usage\u00a0: Bureau Capacit\u00e9\u00a0: 500\u00a0ml Dur\u00e9e de conservation de la chaleur\u00a0: 12\u00a0h \u00e0 24\u00a0h Volume de l&#8217;emballage\u00a0: 0,01\u00a0L Destin\u00e9 \u00e0\u00a0: Tous<\/p>\n","protected":false},"excerpt":{"rendered":"<p>Mat\u00e9riau\u00a0: ACIER INOXYDABLE Public cible\u00a0: Adultes Num\u00e9ro de mod\u00e8le\u00a0: kattle Mode de distribution d&rsquo;eau\u00a0: Pression Performance d&rsquo;isolation thermique\u00a0: Isolation thermique<\/p>\n","protected":false},"featured_media":24,"comment_status":"open","ping_status":"closed","template":"","meta":[],"product_brand":[],"product_cat":[16],"product_tag":[],"class_list":{"0":"post-25","1":"product","2":"type-product","3":"status-publish","4":"has-post-thumbnail","6":"product_cat-tasse-deau-quotidienne","8":"first","9":"instock","10":"shipping-taxable","11":"purchasable","12":"product-type-simple"},"_links":{"self":[{"href":"https:\/\/www.jsbyjx.com\/index.php\/wp-json\/wp\/v2\/product\/25","targetHints":{"allow":["GET"]}}],"collection":[{"href":"https:\/\/www.jsbyjx.com\/index.php\/wp-json\/wp\/v2\/product"}],"about":[{"href":"https:\/\/www.jsbyjx.com\/index.php\/wp-json\/wp\/v2\/types\/product"}],"replies":[{"embeddable":true,"href":"https:\/\/www.jsbyjx.com\/index.php\/wp-json\/wp\/v2\/comments?post=25"}],"version-history":[{"count":0,"href":"https:\/\/www.jsbyjx.com\/index.php\/wp-json\/wp\/v2\/product\/25\/revisions"}],"wp:featuredmedia":[{"embeddable":true,"href":"https:\/\/www.jsbyjx.com\/index.php\/wp-json\/wp\/v2\/media\/24"}],"wp:attachment":[{"href":"https:\/\/www.jsbyjx.com\/index.php\/wp-json\/wp\/v2\/media?parent=25"}],"wp:term":[{"taxonomy":"product_brand","embeddable":true,"href":"https:\/\/www.jsbyjx.com\/index.php\/wp-json\/wp\/v2\/product_brand?post=25"},{"taxonomy":"product_cat","embeddable":true,"href":"https:\/\/www.jsbyjx.com\/index.php\/wp-json\/wp\/v2\/product_cat?post=25"},{"taxonomy":"product_tag","embeddable":true,"href":"https:\/\/www.jsbyjx.com\/index.php\/wp-json\/wp\/v2\/product_tag?post=25"}],"curies":[{"name":"wp","href":"https:\/\/api.w.org\/{rel}","templated":true}]}}