{"id":27,"date":"2026-04-07T10:49:10","date_gmt":"2026-04-07T08:49:10","guid":{"rendered":"https:\/\/jsbyjx.com\/index.php\/product\/nouvelle-bouteille-isotherme-creative-en-acier-inoxydable-316-style-coreen-pour-etudiants-avec-logo-personnalise\/"},"modified":"2026-04-07T10:49:10","modified_gmt":"2026-04-07T08:49:10","slug":"nouvelle-bouteille-isotherme-creative-en-acier-inoxydable-316-style-coreen-pour-etudiants-avec-logo-personnalise","status":"publish","type":"product","link":"https:\/\/www.jsbyjx.com\/index.php\/product\/nouvelle-bouteille-isotherme-creative-en-acier-inoxydable-316-style-coreen-pour-etudiants-avec-logo-personnalise\/","title":{"rendered":"Nouvelle bouteille isotherme cr\u00e9ative en acier inoxydable 316, style cor\u00e9en, pour \u00e9tudiants, avec logo personnalis\u00e9."},"content":{"rendered":"<p>Mat\u00e9riau : ACIER INOXYDABLE Caract\u00e9ristique : \u00c9cologique Caract\u00e9ristique : En stock Caract\u00e9ristique : Portable Caract\u00e9ristique : Grande capacit\u00e9 Caract\u00e9ristique : Usage professionnel Mat\u00e9riau du verre int\u00e9rieur : ACIER INOXYDABLE Type de m\u00e9tal : ACIER INOXYDABLE Public cible : Amoureux Type de bouteille : Thermos sous vide Mat\u00e9riau : ACIER INOXYDABLE Forme : Droite Certification : CE Certification UE : CIQ Production : Bouteilles isothermes sous vide Performance d&rsquo;isolation thermique : 6 \u00e0 12 heures Couleur : Noir, Rouge, Marron, Bleu, Rose Cat\u00e9gories de produits : Mug Date de lancement : 2020 Brevet : Non Utilisation comme cadeau : Points cadeaux, Les visages appartiennent-ils au cadeau : Oui, Cadeau d&rsquo;affaires Mat\u00e9riau : Acier inoxydable 316 Performance d&rsquo;isolation : 12 \u00e0 24 heures Sp\u00e9cifications d&#8217;emballage : Bo\u00eete couleur Traitement personnalis\u00e9 : Oui Origine : Yongkang Article : SJ25101 Nom : Mug cr\u00e9atif Utilisateur cible : Usage g\u00e9n\u00e9ral, Jeunes, \u00c9tudiants, Logo imprim\u00e9 : Peut-\u00eatre Principales plateformes de vente : eBay, Amazon Marque priv\u00e9e autoris\u00e9e\u00a0: Non\u00a0; Qualit\u00e9 du produit\u00a0: Premi\u00e8re classe\u00a0; Style\u00a0: C\u00f4ne\u00a0; Principales r\u00e9gions de vente\u00a0: Afrique, Am\u00e9rique du Sud, Asie du Sud-Est\u00a0; Contenance\u00a0: 320\u00a0ml\u00a0; Importation\u00a0: Non<\/p>\n","protected":false},"excerpt":{"rendered":"<p>Mat\u00e9riau : ACIER INOXYDABLE Caract\u00e9ristique : \u00c9cologique Caract\u00e9ristique : En stock Caract\u00e9ristique : Portable Caract\u00e9ristique : Grande capacit\u00e9 Caract\u00e9ristique :<\/p>\n","protected":false},"featured_media":26,"comment_status":"open","ping_status":"closed","template":"","meta":[],"product_brand":[],"product_cat":[16],"product_tag":[],"class_list":{"0":"post-27","1":"product","2":"type-product","3":"status-publish","4":"has-post-thumbnail","6":"product_cat-tasse-deau-quotidienne","8":"first","9":"instock","10":"shipping-taxable","11":"purchasable","12":"product-type-simple"},"_links":{"self":[{"href":"https:\/\/www.jsbyjx.com\/index.php\/wp-json\/wp\/v2\/product\/27","targetHints":{"allow":["GET"]}}],"collection":[{"href":"https:\/\/www.jsbyjx.com\/index.php\/wp-json\/wp\/v2\/product"}],"about":[{"href":"https:\/\/www.jsbyjx.com\/index.php\/wp-json\/wp\/v2\/types\/product"}],"replies":[{"embeddable":true,"href":"https:\/\/www.jsbyjx.com\/index.php\/wp-json\/wp\/v2\/comments?post=27"}],"version-history":[{"count":0,"href":"https:\/\/www.jsbyjx.com\/index.php\/wp-json\/wp\/v2\/product\/27\/revisions"}],"wp:featuredmedia":[{"embeddable":true,"href":"https:\/\/www.jsbyjx.com\/index.php\/wp-json\/wp\/v2\/media\/26"}],"wp:attachment":[{"href":"https:\/\/www.jsbyjx.com\/index.php\/wp-json\/wp\/v2\/media?parent=27"}],"wp:term":[{"taxonomy":"product_brand","embeddable":true,"href":"https:\/\/www.jsbyjx.com\/index.php\/wp-json\/wp\/v2\/product_brand?post=27"},{"taxonomy":"product_cat","embeddable":true,"href":"https:\/\/www.jsbyjx.com\/index.php\/wp-json\/wp\/v2\/product_cat?post=27"},{"taxonomy":"product_tag","embeddable":true,"href":"https:\/\/www.jsbyjx.com\/index.php\/wp-json\/wp\/v2\/product_tag?post=27"}],"curies":[{"name":"wp","href":"https:\/\/api.w.org\/{rel}","templated":true}]}}