{"id":31,"date":"2026-04-07T10:49:12","date_gmt":"2026-04-07T08:49:12","guid":{"rendered":"https:\/\/jsbyjx.com\/index.php\/product\/ensemble-tasse-et-soucoupe-a-cafe-portable-en-ceramique-style-japonais-tazza-ceramica-articles-de-toilette-du-quotidien-oo50bd\/"},"modified":"2026-04-07T10:49:12","modified_gmt":"2026-04-07T08:49:12","slug":"ensemble-tasse-et-soucoupe-a-cafe-portable-en-ceramique-style-japonais-tazza-ceramica-articles-de-toilette-du-quotidien-oo50bd","status":"publish","type":"product","link":"https:\/\/www.jsbyjx.com\/index.php\/product\/ensemble-tasse-et-soucoupe-a-cafe-portable-en-ceramique-style-japonais-tazza-ceramica-articles-de-toilette-du-quotidien-oo50bd\/","title":{"rendered":"Ensemble tasse et soucoupe \u00e0 caf\u00e9 portable en c\u00e9ramique, style japonais, Tazza Ceramica, articles de toilette du quotidien OO50BD"},"content":{"rendered":"<p>Type\u00a0: Tasses et soucoupes \u00e0 caf\u00e9 Mat\u00e9riau\u00a0: C\u00e9ramique Type de c\u00e9ramique\u00a0: Porcelaine Technique\u00a0: \u00c9maill\u00e9e Certification\u00a0: CIQ Quantit\u00e9\u00a0: 1 Num\u00e9ro de mod\u00e8le\u00a0: Luxe Caract\u00e9ristique\u00a0: \u00c9cologique Caract\u00e9ristique\u00a0: En stock Type\u00a0: Tasses \u00e0 caf\u00e9 Mat\u00e9riau\u00a0: C\u00e9ramique Type de verrerie\u00a0: Tasses et soucoupes<\/p>\n","protected":false},"excerpt":{"rendered":"<p>Type\u00a0: Tasses et soucoupes \u00e0 caf\u00e9 Mat\u00e9riau\u00a0: C\u00e9ramique Type de c\u00e9ramique\u00a0: Porcelaine Technique\u00a0: \u00c9maill\u00e9e Certification\u00a0: CIQ Quantit\u00e9\u00a0: 1 Num\u00e9ro de<\/p>\n","protected":false},"featured_media":30,"comment_status":"open","ping_status":"closed","template":"","meta":[],"product_brand":[],"product_cat":[16],"product_tag":[],"class_list":{"0":"post-31","1":"product","2":"type-product","3":"status-publish","4":"has-post-thumbnail","6":"product_cat-tasse-deau-quotidienne","8":"first","9":"instock","10":"shipping-taxable","11":"purchasable","12":"product-type-simple"},"_links":{"self":[{"href":"https:\/\/www.jsbyjx.com\/index.php\/wp-json\/wp\/v2\/product\/31","targetHints":{"allow":["GET"]}}],"collection":[{"href":"https:\/\/www.jsbyjx.com\/index.php\/wp-json\/wp\/v2\/product"}],"about":[{"href":"https:\/\/www.jsbyjx.com\/index.php\/wp-json\/wp\/v2\/types\/product"}],"replies":[{"embeddable":true,"href":"https:\/\/www.jsbyjx.com\/index.php\/wp-json\/wp\/v2\/comments?post=31"}],"version-history":[{"count":0,"href":"https:\/\/www.jsbyjx.com\/index.php\/wp-json\/wp\/v2\/product\/31\/revisions"}],"wp:featuredmedia":[{"embeddable":true,"href":"https:\/\/www.jsbyjx.com\/index.php\/wp-json\/wp\/v2\/media\/30"}],"wp:attachment":[{"href":"https:\/\/www.jsbyjx.com\/index.php\/wp-json\/wp\/v2\/media?parent=31"}],"wp:term":[{"taxonomy":"product_brand","embeddable":true,"href":"https:\/\/www.jsbyjx.com\/index.php\/wp-json\/wp\/v2\/product_brand?post=31"},{"taxonomy":"product_cat","embeddable":true,"href":"https:\/\/www.jsbyjx.com\/index.php\/wp-json\/wp\/v2\/product_cat?post=31"},{"taxonomy":"product_tag","embeddable":true,"href":"https:\/\/www.jsbyjx.com\/index.php\/wp-json\/wp\/v2\/product_tag?post=31"}],"curies":[{"name":"wp","href":"https:\/\/api.w.org\/{rel}","templated":true}]}}