{"id":33,"date":"2026-04-07T10:49:13","date_gmt":"2026-04-07T08:49:13","guid":{"rendered":"https:\/\/jsbyjx.com\/index.php\/product\/mug-de-bureau-avec-couvercle-tasse-a-the-vintage-tasse-a-cafe-en-ceramique-style-retro-avec-anse-nouveaute-moderne-2019-gg50mk\/"},"modified":"2026-04-07T10:49:13","modified_gmt":"2026-04-07T08:49:13","slug":"mug-de-bureau-avec-couvercle-tasse-a-the-vintage-tasse-a-cafe-en-ceramique-style-retro-avec-anse-nouveaute-moderne-2019-gg50mk","status":"publish","type":"product","link":"https:\/\/www.jsbyjx.com\/index.php\/product\/mug-de-bureau-avec-couvercle-tasse-a-the-vintage-tasse-a-cafe-en-ceramique-style-retro-avec-anse-nouveaute-moderne-2019-gg50mk\/","title":{"rendered":"Mug de bureau avec couvercle, tasse \u00e0 th\u00e9 vintage, tasse \u00e0 caf\u00e9 en c\u00e9ramique style r\u00e9tro avec anse, nouveaut\u00e9 moderne 2019 GG50mk"},"content":{"rendered":"<p>Mat\u00e9riau\u00a0: Verre Type\u00a0: Tasse \u00e0 caf\u00e9 Style\u00a0: Moderne Accessoires\u00a0: Cuill\u00e8re incluse Forme\u00a0: Poign\u00e9e Sp\u00e9cifications\u00a0: 1 Certification\u00a0: CIQ Num\u00e9ro de mod\u00e8le\u00a0: tasse \u00e0 caf\u00e9 Caract\u00e9ristique\u00a0: \u00c9cologique Mat\u00e9riau\u00a0: C\u00e9ramique Style\u00a0: Chinois Public cible\u00a0: Adulte Destin\u00e9 \u00e0\u00a0: Grand public Manuel d&rsquo;utilisation\u00a0: Oui<\/p>\n","protected":false},"excerpt":{"rendered":"<p>Mat\u00e9riau\u00a0: Verre Type\u00a0: Tasse \u00e0 caf\u00e9 Style\u00a0: Moderne Accessoires\u00a0: Cuill\u00e8re incluse Forme\u00a0: Poign\u00e9e Sp\u00e9cifications\u00a0: 1 Certification\u00a0: CIQ Num\u00e9ro de mod\u00e8le\u00a0:<\/p>\n","protected":false},"featured_media":32,"comment_status":"open","ping_status":"closed","template":"","meta":[],"product_brand":[],"product_cat":[16],"product_tag":[],"class_list":{"0":"post-33","1":"product","2":"type-product","3":"status-publish","4":"has-post-thumbnail","6":"product_cat-tasse-deau-quotidienne","8":"first","9":"instock","10":"shipping-taxable","11":"purchasable","12":"product-type-simple"},"_links":{"self":[{"href":"https:\/\/www.jsbyjx.com\/index.php\/wp-json\/wp\/v2\/product\/33","targetHints":{"allow":["GET"]}}],"collection":[{"href":"https:\/\/www.jsbyjx.com\/index.php\/wp-json\/wp\/v2\/product"}],"about":[{"href":"https:\/\/www.jsbyjx.com\/index.php\/wp-json\/wp\/v2\/types\/product"}],"replies":[{"embeddable":true,"href":"https:\/\/www.jsbyjx.com\/index.php\/wp-json\/wp\/v2\/comments?post=33"}],"version-history":[{"count":0,"href":"https:\/\/www.jsbyjx.com\/index.php\/wp-json\/wp\/v2\/product\/33\/revisions"}],"wp:featuredmedia":[{"embeddable":true,"href":"https:\/\/www.jsbyjx.com\/index.php\/wp-json\/wp\/v2\/media\/32"}],"wp:attachment":[{"href":"https:\/\/www.jsbyjx.com\/index.php\/wp-json\/wp\/v2\/media?parent=33"}],"wp:term":[{"taxonomy":"product_brand","embeddable":true,"href":"https:\/\/www.jsbyjx.com\/index.php\/wp-json\/wp\/v2\/product_brand?post=33"},{"taxonomy":"product_cat","embeddable":true,"href":"https:\/\/www.jsbyjx.com\/index.php\/wp-json\/wp\/v2\/product_cat?post=33"},{"taxonomy":"product_tag","embeddable":true,"href":"https:\/\/www.jsbyjx.com\/index.php\/wp-json\/wp\/v2\/product_tag?post=33"}],"curies":[{"name":"wp","href":"https:\/\/api.w.org\/{rel}","templated":true}]}}