{"id":35,"date":"2026-04-07T10:49:15","date_gmt":"2026-04-07T08:49:15","guid":{"rendered":"https:\/\/jsbyjx.com\/index.php\/product\/mug-a-cafe-retro-nordique-en-ceramique-simple-creatif-et-fait-main-de-haute-qualite-personnalisable-tasse-a-cafe-vaisselle-de-cuisine-db60mk\/"},"modified":"2026-04-07T10:49:15","modified_gmt":"2026-04-07T08:49:15","slug":"mug-a-cafe-retro-nordique-en-ceramique-simple-creatif-et-fait-main-de-haute-qualite-personnalisable-tasse-a-cafe-vaisselle-de-cuisine-db60mk","status":"publish","type":"product","link":"https:\/\/www.jsbyjx.com\/index.php\/product\/mug-a-cafe-retro-nordique-en-ceramique-simple-creatif-et-fait-main-de-haute-qualite-personnalisable-tasse-a-cafe-vaisselle-de-cuisine-db60mk\/","title":{"rendered":"Mug \u00e0 caf\u00e9 r\u00e9tro nordique en c\u00e9ramique simple, cr\u00e9atif et fait main de haute qualit\u00e9, personnalisable, tasse \u00e0 caf\u00e9, vaisselle de cuisine DB60MK"},"content":{"rendered":"<p>Mat\u00e9riau\u00a0: c\u00e9ramique Type de c\u00e9ramique\u00a0: porcelaine Type\u00a0: tasse \u00e0 caf\u00e9 Style\u00a0: succinct Accessoires\u00a0: cuill\u00e8re incluse Forme\u00a0: cuill\u00e8re incluse Sp\u00e9cifications\u00a0: 1 Certification\u00a0: CE UE Num\u00e9ro de mod\u00e8le\u00a0: tasse Caract\u00e9ristique\u00a0: \u00e9cologique Mat\u00e9riau\u00a0: porcelaine Style\u00a0: nordique Classification des couleurs\u00a0: blanc laiteux Quantit\u00e9\u00a0: 1<\/p>\n","protected":false},"excerpt":{"rendered":"<p>Mat\u00e9riau\u00a0: c\u00e9ramique Type de c\u00e9ramique\u00a0: porcelaine Type\u00a0: tasse \u00e0 caf\u00e9 Style\u00a0: succinct Accessoires\u00a0: cuill\u00e8re incluse Forme\u00a0: cuill\u00e8re incluse Sp\u00e9cifications\u00a0: 1<\/p>\n","protected":false},"featured_media":34,"comment_status":"open","ping_status":"closed","template":"","meta":[],"product_brand":[],"product_cat":[16],"product_tag":[],"class_list":{"0":"post-35","1":"product","2":"type-product","3":"status-publish","4":"has-post-thumbnail","6":"product_cat-tasse-deau-quotidienne","8":"first","9":"instock","10":"shipping-taxable","11":"purchasable","12":"product-type-simple"},"_links":{"self":[{"href":"https:\/\/www.jsbyjx.com\/index.php\/wp-json\/wp\/v2\/product\/35","targetHints":{"allow":["GET"]}}],"collection":[{"href":"https:\/\/www.jsbyjx.com\/index.php\/wp-json\/wp\/v2\/product"}],"about":[{"href":"https:\/\/www.jsbyjx.com\/index.php\/wp-json\/wp\/v2\/types\/product"}],"replies":[{"embeddable":true,"href":"https:\/\/www.jsbyjx.com\/index.php\/wp-json\/wp\/v2\/comments?post=35"}],"version-history":[{"count":0,"href":"https:\/\/www.jsbyjx.com\/index.php\/wp-json\/wp\/v2\/product\/35\/revisions"}],"wp:featuredmedia":[{"embeddable":true,"href":"https:\/\/www.jsbyjx.com\/index.php\/wp-json\/wp\/v2\/media\/34"}],"wp:attachment":[{"href":"https:\/\/www.jsbyjx.com\/index.php\/wp-json\/wp\/v2\/media?parent=35"}],"wp:term":[{"taxonomy":"product_brand","embeddable":true,"href":"https:\/\/www.jsbyjx.com\/index.php\/wp-json\/wp\/v2\/product_brand?post=35"},{"taxonomy":"product_cat","embeddable":true,"href":"https:\/\/www.jsbyjx.com\/index.php\/wp-json\/wp\/v2\/product_cat?post=35"},{"taxonomy":"product_tag","embeddable":true,"href":"https:\/\/www.jsbyjx.com\/index.php\/wp-json\/wp\/v2\/product_tag?post=35"}],"curies":[{"name":"wp","href":"https:\/\/api.w.org\/{rel}","templated":true}]}}