{"id":37,"date":"2026-04-07T10:49:18","date_gmt":"2026-04-07T08:49:18","guid":{"rendered":"https:\/\/jsbyjx.com\/index.php\/product\/mug-a-cafe-mignon-en-forme-de-coeur-de-raton-laveur\/"},"modified":"2026-04-07T10:49:18","modified_gmt":"2026-04-07T08:49:18","slug":"mug-a-cafe-mignon-en-forme-de-coeur-de-raton-laveur","status":"publish","type":"product","link":"https:\/\/www.jsbyjx.com\/index.php\/product\/mug-a-cafe-mignon-en-forme-de-coeur-de-raton-laveur\/","title":{"rendered":"Mug \u00e0 caf\u00e9 mignon en forme de c\u0153ur de raton laveur"},"content":{"rendered":"<p>Type de r\u00e9cipient\u00a0: Tasses Sp\u00e9cifications\u00a0: Coffret cadeau Forme\u00a0: Poign\u00e9e Mat\u00e9riau\u00a0: C\u00e9ramique Accessoires\u00a0: Cuill\u00e8re incluse Style\u00a0: Classique Type\u00a0: Tasses \u00e0 caf\u00e9 Num\u00e9ro de mod\u00e8le\u00a0: LA019 Certification\u00a0: CE Certification UE\u00a0: FDA Caract\u00e9ristique\u00a0: \u00c9cologique Caract\u00e9ristique\u00a0: En stock<\/p>\n","protected":false},"excerpt":{"rendered":"<p>Type de r\u00e9cipient\u00a0: Tasses Sp\u00e9cifications\u00a0: Coffret cadeau Forme\u00a0: Poign\u00e9e Mat\u00e9riau\u00a0: C\u00e9ramique Accessoires\u00a0: Cuill\u00e8re incluse Style\u00a0: Classique Type\u00a0: Tasses \u00e0 caf\u00e9<\/p>\n","protected":false},"featured_media":36,"comment_status":"open","ping_status":"closed","template":"","meta":[],"product_brand":[],"product_cat":[16],"product_tag":[],"class_list":{"0":"post-37","1":"product","2":"type-product","3":"status-publish","4":"has-post-thumbnail","6":"product_cat-tasse-deau-quotidienne","8":"first","9":"instock","10":"shipping-taxable","11":"purchasable","12":"product-type-simple"},"_links":{"self":[{"href":"https:\/\/www.jsbyjx.com\/index.php\/wp-json\/wp\/v2\/product\/37","targetHints":{"allow":["GET"]}}],"collection":[{"href":"https:\/\/www.jsbyjx.com\/index.php\/wp-json\/wp\/v2\/product"}],"about":[{"href":"https:\/\/www.jsbyjx.com\/index.php\/wp-json\/wp\/v2\/types\/product"}],"replies":[{"embeddable":true,"href":"https:\/\/www.jsbyjx.com\/index.php\/wp-json\/wp\/v2\/comments?post=37"}],"version-history":[{"count":0,"href":"https:\/\/www.jsbyjx.com\/index.php\/wp-json\/wp\/v2\/product\/37\/revisions"}],"wp:featuredmedia":[{"embeddable":true,"href":"https:\/\/www.jsbyjx.com\/index.php\/wp-json\/wp\/v2\/media\/36"}],"wp:attachment":[{"href":"https:\/\/www.jsbyjx.com\/index.php\/wp-json\/wp\/v2\/media?parent=37"}],"wp:term":[{"taxonomy":"product_brand","embeddable":true,"href":"https:\/\/www.jsbyjx.com\/index.php\/wp-json\/wp\/v2\/product_brand?post=37"},{"taxonomy":"product_cat","embeddable":true,"href":"https:\/\/www.jsbyjx.com\/index.php\/wp-json\/wp\/v2\/product_cat?post=37"},{"taxonomy":"product_tag","embeddable":true,"href":"https:\/\/www.jsbyjx.com\/index.php\/wp-json\/wp\/v2\/product_tag?post=37"}],"curies":[{"name":"wp","href":"https:\/\/api.w.org\/{rel}","templated":true}]}}