{"id":41,"date":"2026-04-07T10:49:21","date_gmt":"2026-04-07T08:49:21","guid":{"rendered":"https:\/\/jsbyjx.com\/index.php\/product\/tasse-a-eau-en-ceramique-avec-anse-tasse-a-lait-pour-le-petit-dejeuner-mug-en-ceramique-peint-a-la-main-mug-a-cafe-japonais-sous-email\/"},"modified":"2026-04-07T10:49:21","modified_gmt":"2026-04-07T08:49:21","slug":"tasse-a-eau-en-ceramique-avec-anse-tasse-a-lait-pour-le-petit-dejeuner-mug-en-ceramique-peint-a-la-main-mug-a-cafe-japonais-sous-email","status":"publish","type":"product","link":"https:\/\/www.jsbyjx.com\/index.php\/product\/tasse-a-eau-en-ceramique-avec-anse-tasse-a-lait-pour-le-petit-dejeuner-mug-en-ceramique-peint-a-la-main-mug-a-cafe-japonais-sous-email\/","title":{"rendered":"Tasse \u00e0 eau en c\u00e9ramique avec anse, tasse \u00e0 lait pour le petit-d\u00e9jeuner, mug en c\u00e9ramique peint \u00e0 la main, mug \u00e0 caf\u00e9 japonais sous \u00e9mail"},"content":{"rendered":"<p>Mat\u00e9riau\u00a0: c\u00e9ramique Type\u00a0: tasses \u00e0 caf\u00e9 Style\u00a0: minimaliste Accessoires\u00a0: aucun Forme\u00a0: avec poign\u00e9e Sp\u00e9cifications\u00a0: 1 Type de r\u00e9cipient\u00a0: tasses<\/p>\n","protected":false},"excerpt":{"rendered":"<p>Mat\u00e9riau\u00a0: c\u00e9ramique Type\u00a0: tasses \u00e0 caf\u00e9 Style\u00a0: minimaliste Accessoires\u00a0: aucun Forme\u00a0: avec poign\u00e9e Sp\u00e9cifications\u00a0: 1 Type de r\u00e9cipient\u00a0: tasses<\/p>\n","protected":false},"featured_media":40,"comment_status":"open","ping_status":"closed","template":"","meta":[],"product_brand":[],"product_cat":[16],"product_tag":[],"class_list":{"0":"post-41","1":"product","2":"type-product","3":"status-publish","4":"has-post-thumbnail","6":"product_cat-tasse-deau-quotidienne","8":"first","9":"instock","10":"shipping-taxable","11":"purchasable","12":"product-type-simple"},"_links":{"self":[{"href":"https:\/\/www.jsbyjx.com\/index.php\/wp-json\/wp\/v2\/product\/41","targetHints":{"allow":["GET"]}}],"collection":[{"href":"https:\/\/www.jsbyjx.com\/index.php\/wp-json\/wp\/v2\/product"}],"about":[{"href":"https:\/\/www.jsbyjx.com\/index.php\/wp-json\/wp\/v2\/types\/product"}],"replies":[{"embeddable":true,"href":"https:\/\/www.jsbyjx.com\/index.php\/wp-json\/wp\/v2\/comments?post=41"}],"version-history":[{"count":0,"href":"https:\/\/www.jsbyjx.com\/index.php\/wp-json\/wp\/v2\/product\/41\/revisions"}],"wp:featuredmedia":[{"embeddable":true,"href":"https:\/\/www.jsbyjx.com\/index.php\/wp-json\/wp\/v2\/media\/40"}],"wp:attachment":[{"href":"https:\/\/www.jsbyjx.com\/index.php\/wp-json\/wp\/v2\/media?parent=41"}],"wp:term":[{"taxonomy":"product_brand","embeddable":true,"href":"https:\/\/www.jsbyjx.com\/index.php\/wp-json\/wp\/v2\/product_brand?post=41"},{"taxonomy":"product_cat","embeddable":true,"href":"https:\/\/www.jsbyjx.com\/index.php\/wp-json\/wp\/v2\/product_cat?post=41"},{"taxonomy":"product_tag","embeddable":true,"href":"https:\/\/www.jsbyjx.com\/index.php\/wp-json\/wp\/v2\/product_tag?post=41"}],"curies":[{"name":"wp","href":"https:\/\/api.w.org\/{rel}","templated":true}]}}