{"id":43,"date":"2026-04-07T10:49:22","date_gmt":"2026-04-07T08:49:22","guid":{"rendered":"https:\/\/jsbyjx.com\/index.php\/product\/ensemble-de-tasses-a-cafe-europeennes-de-luxe-reutilisables-style-britannique-creatif-rouge-vif-en-porcelaine-de-chine-taza-madera-fournitures-quotidiennes-oo50bd\/"},"modified":"2026-04-07T10:49:22","modified_gmt":"2026-04-07T08:49:22","slug":"ensemble-de-tasses-a-cafe-europeennes-de-luxe-reutilisables-style-britannique-creatif-rouge-vif-en-porcelaine-de-chine-taza-madera-fournitures-quotidiennes-oo50bd","status":"publish","type":"product","link":"https:\/\/www.jsbyjx.com\/index.php\/product\/ensemble-de-tasses-a-cafe-europeennes-de-luxe-reutilisables-style-britannique-creatif-rouge-vif-en-porcelaine-de-chine-taza-madera-fournitures-quotidiennes-oo50bd\/","title":{"rendered":"Ensemble de tasses \u00e0 caf\u00e9 europ\u00e9ennes de luxe r\u00e9utilisables, style britannique cr\u00e9atif, rouge vif, en porcelaine de Chine, Taza Madera, fournitures quotidiennes OO50BD"},"content":{"rendered":"<p>Type\u00a0: Tasses \u00e0 caf\u00e9 et soucoupes Mat\u00e9riau\u00a0: C\u00e9ramique Type de c\u00e9ramique\u00a0: Porcelaine Technique\u00a0: \u00c9maill\u00e9e Certification\u00a0: CIQ Quantit\u00e9\u00a0: 1 Num\u00e9ro de mod\u00e8le\u00a0: Luxe Caract\u00e9ristique\u00a0: \u00c9cologique Caract\u00e9ristique\u00a0: En stock Mat\u00e9riau\u00a0: Porcelaine Style\u00a0: Europ\u00e9en \u00c9l\u00e9ments populaires\u00a0: Style palais Accessoire pour tasse \u00e0 caf\u00e9\u00a0: Avec plateau Source de l&rsquo;image principale\u00a0: Personnage autonome Nombre de photos\u00a0: 1 Fait main ou non\u00a0: Oui<\/p>\n","protected":false},"excerpt":{"rendered":"<p>Type\u00a0: Tasses \u00e0 caf\u00e9 et soucoupes Mat\u00e9riau\u00a0: C\u00e9ramique Type de c\u00e9ramique\u00a0: Porcelaine Technique\u00a0: \u00c9maill\u00e9e Certification\u00a0: CIQ Quantit\u00e9\u00a0: 1 Num\u00e9ro de<\/p>\n","protected":false},"featured_media":42,"comment_status":"open","ping_status":"closed","template":"","meta":[],"product_brand":[],"product_cat":[16],"product_tag":[],"class_list":{"0":"post-43","1":"product","2":"type-product","3":"status-publish","4":"has-post-thumbnail","6":"product_cat-tasse-deau-quotidienne","8":"first","9":"instock","10":"shipping-taxable","11":"purchasable","12":"product-type-simple"},"_links":{"self":[{"href":"https:\/\/www.jsbyjx.com\/index.php\/wp-json\/wp\/v2\/product\/43","targetHints":{"allow":["GET"]}}],"collection":[{"href":"https:\/\/www.jsbyjx.com\/index.php\/wp-json\/wp\/v2\/product"}],"about":[{"href":"https:\/\/www.jsbyjx.com\/index.php\/wp-json\/wp\/v2\/types\/product"}],"replies":[{"embeddable":true,"href":"https:\/\/www.jsbyjx.com\/index.php\/wp-json\/wp\/v2\/comments?post=43"}],"version-history":[{"count":0,"href":"https:\/\/www.jsbyjx.com\/index.php\/wp-json\/wp\/v2\/product\/43\/revisions"}],"wp:featuredmedia":[{"embeddable":true,"href":"https:\/\/www.jsbyjx.com\/index.php\/wp-json\/wp\/v2\/media\/42"}],"wp:attachment":[{"href":"https:\/\/www.jsbyjx.com\/index.php\/wp-json\/wp\/v2\/media?parent=43"}],"wp:term":[{"taxonomy":"product_brand","embeddable":true,"href":"https:\/\/www.jsbyjx.com\/index.php\/wp-json\/wp\/v2\/product_brand?post=43"},{"taxonomy":"product_cat","embeddable":true,"href":"https:\/\/www.jsbyjx.com\/index.php\/wp-json\/wp\/v2\/product_cat?post=43"},{"taxonomy":"product_tag","embeddable":true,"href":"https:\/\/www.jsbyjx.com\/index.php\/wp-json\/wp\/v2\/product_tag?post=43"}],"curies":[{"name":"wp","href":"https:\/\/api.w.org\/{rel}","templated":true}]}}