{"id":45,"date":"2026-04-07T10:49:24","date_gmt":"2026-04-07T08:49:24","guid":{"rendered":"https:\/\/jsbyjx.com\/index.php\/product\/mug-a-cafe-pour-maman-cadeau-humoristique-pour-maman\/"},"modified":"2026-04-07T10:49:24","modified_gmt":"2026-04-07T08:49:24","slug":"mug-a-cafe-pour-maman-cadeau-humoristique-pour-maman","status":"publish","type":"product","link":"https:\/\/www.jsbyjx.com\/index.php\/product\/mug-a-cafe-pour-maman-cadeau-humoristique-pour-maman\/","title":{"rendered":"Mug \u00e0 caf\u00e9 pour maman, cadeau humoristique pour maman"},"content":{"rendered":"<p>Mat\u00e9riau\u00a0: c\u00e9ramique Sp\u00e9cifications\u00a0: coffret cadeau Certification\u00a0: CE Certification UE\u00a0: FDA Style\u00a0: classique Num\u00e9ro de mod\u00e8le\u00a0: LA076 Accessoires\u00a0: avec cuill\u00e8re Caract\u00e9ristique\u00a0: \u00e9cologique Caract\u00e9ristique\u00a0: en stock Type\u00a0: tasses \u00e0 caf\u00e9 Forme\u00a0: avec poign\u00e9e<\/p>\n","protected":false},"excerpt":{"rendered":"<p>Mat\u00e9riau\u00a0: c\u00e9ramique Sp\u00e9cifications\u00a0: coffret cadeau Certification\u00a0: CE Certification UE\u00a0: FDA Style\u00a0: classique Num\u00e9ro de mod\u00e8le\u00a0: LA076 Accessoires\u00a0: avec cuill\u00e8re Caract\u00e9ristique\u00a0:<\/p>\n","protected":false},"featured_media":44,"comment_status":"open","ping_status":"closed","template":"","meta":[],"product_brand":[],"product_cat":[16],"product_tag":[],"class_list":{"0":"post-45","1":"product","2":"type-product","3":"status-publish","4":"has-post-thumbnail","6":"product_cat-tasse-deau-quotidienne","8":"first","9":"instock","10":"shipping-taxable","11":"purchasable","12":"product-type-simple"},"_links":{"self":[{"href":"https:\/\/www.jsbyjx.com\/index.php\/wp-json\/wp\/v2\/product\/45","targetHints":{"allow":["GET"]}}],"collection":[{"href":"https:\/\/www.jsbyjx.com\/index.php\/wp-json\/wp\/v2\/product"}],"about":[{"href":"https:\/\/www.jsbyjx.com\/index.php\/wp-json\/wp\/v2\/types\/product"}],"replies":[{"embeddable":true,"href":"https:\/\/www.jsbyjx.com\/index.php\/wp-json\/wp\/v2\/comments?post=45"}],"version-history":[{"count":0,"href":"https:\/\/www.jsbyjx.com\/index.php\/wp-json\/wp\/v2\/product\/45\/revisions"}],"wp:featuredmedia":[{"embeddable":true,"href":"https:\/\/www.jsbyjx.com\/index.php\/wp-json\/wp\/v2\/media\/44"}],"wp:attachment":[{"href":"https:\/\/www.jsbyjx.com\/index.php\/wp-json\/wp\/v2\/media?parent=45"}],"wp:term":[{"taxonomy":"product_brand","embeddable":true,"href":"https:\/\/www.jsbyjx.com\/index.php\/wp-json\/wp\/v2\/product_brand?post=45"},{"taxonomy":"product_cat","embeddable":true,"href":"https:\/\/www.jsbyjx.com\/index.php\/wp-json\/wp\/v2\/product_cat?post=45"},{"taxonomy":"product_tag","embeddable":true,"href":"https:\/\/www.jsbyjx.com\/index.php\/wp-json\/wp\/v2\/product_tag?post=45"}],"curies":[{"name":"wp","href":"https:\/\/api.w.org\/{rel}","templated":true}]}}