{"id":47,"date":"2026-04-07T10:49:25","date_gmt":"2026-04-07T08:49:25","guid":{"rendered":"https:\/\/jsbyjx.com\/index.php\/product\/tasses-a-cafe-creatives-tasses-de-voyage-amusantes-en-ceramique-style-japonais-bocaux-a-smoothie-nordiques-de-luxe-modernes-imprimes-a-la-main-caneca-noel-ee5mk\/"},"modified":"2026-04-07T10:49:25","modified_gmt":"2026-04-07T08:49:25","slug":"tasses-a-cafe-creatives-tasses-de-voyage-amusantes-en-ceramique-style-japonais-bocaux-a-smoothie-nordiques-de-luxe-modernes-imprimes-a-la-main-caneca-noel-ee5mk","status":"publish","type":"product","link":"https:\/\/www.jsbyjx.com\/index.php\/product\/tasses-a-cafe-creatives-tasses-de-voyage-amusantes-en-ceramique-style-japonais-bocaux-a-smoothie-nordiques-de-luxe-modernes-imprimes-a-la-main-caneca-noel-ee5mk\/","title":{"rendered":"Tasses \u00e0 caf\u00e9 cr\u00e9atives, tasses de voyage amusantes en c\u00e9ramique, style japonais, bocaux \u00e0 smoothie nordiques de luxe, modernes, imprim\u00e9s \u00e0 la main, Caneca, No\u00ebl EE5MK"},"content":{"rendered":"<p>Mat\u00e9riau\u00a0: c\u00e9ramique Type de c\u00e9ramique\u00a0: porcelaine Type\u00a0: tasses \u00e0 caf\u00e9 Style\u00a0: cr\u00e9atif Accessoires\u00a0: avec cuill\u00e8re Forme\u00a0: avec poign\u00e9e Sp\u00e9cifications\u00a0: coffret cadeau Certification\u00a0: CIQ Caract\u00e9ristique\u00a0: \u00e9cologique S\u00e9rie t\u00e9l\u00e9vis\u00e9e Friends\u00a0: tasse de voyage, tasses et mugs\u00a0: mug de No\u00ebl, verre \u00e0 double paroi\u00a0: mug \u00e9maill\u00e9, grand mug\u00a0: tasse Friends, tasse mignonne\u00a0: mug magique, mug pour couple\u00a0: verre \u00e0 bi\u00e8re, tasses en c\u00e9ramique cr\u00e9atives\u00a0: tasses personnalis\u00e9es\u00a0: tasses \u00e0 caf\u00e9, tasse \u00e0 caf\u00e9\u00a0: tasses \u00e0 caf\u00e9, mug g\u00e9ant\u00a0: mug Queen<\/p>\n","protected":false},"excerpt":{"rendered":"<p>Mat\u00e9riau\u00a0: c\u00e9ramique Type de c\u00e9ramique\u00a0: porcelaine Type\u00a0: tasses \u00e0 caf\u00e9 Style\u00a0: cr\u00e9atif Accessoires\u00a0: avec cuill\u00e8re Forme\u00a0: avec poign\u00e9e Sp\u00e9cifications\u00a0: coffret<\/p>\n","protected":false},"featured_media":46,"comment_status":"open","ping_status":"closed","template":"","meta":[],"product_brand":[],"product_cat":[16],"product_tag":[],"class_list":{"0":"post-47","1":"product","2":"type-product","3":"status-publish","4":"has-post-thumbnail","6":"product_cat-tasse-deau-quotidienne","8":"first","9":"instock","10":"shipping-taxable","11":"purchasable","12":"product-type-simple"},"_links":{"self":[{"href":"https:\/\/www.jsbyjx.com\/index.php\/wp-json\/wp\/v2\/product\/47","targetHints":{"allow":["GET"]}}],"collection":[{"href":"https:\/\/www.jsbyjx.com\/index.php\/wp-json\/wp\/v2\/product"}],"about":[{"href":"https:\/\/www.jsbyjx.com\/index.php\/wp-json\/wp\/v2\/types\/product"}],"replies":[{"embeddable":true,"href":"https:\/\/www.jsbyjx.com\/index.php\/wp-json\/wp\/v2\/comments?post=47"}],"version-history":[{"count":0,"href":"https:\/\/www.jsbyjx.com\/index.php\/wp-json\/wp\/v2\/product\/47\/revisions"}],"wp:featuredmedia":[{"embeddable":true,"href":"https:\/\/www.jsbyjx.com\/index.php\/wp-json\/wp\/v2\/media\/46"}],"wp:attachment":[{"href":"https:\/\/www.jsbyjx.com\/index.php\/wp-json\/wp\/v2\/media?parent=47"}],"wp:term":[{"taxonomy":"product_brand","embeddable":true,"href":"https:\/\/www.jsbyjx.com\/index.php\/wp-json\/wp\/v2\/product_brand?post=47"},{"taxonomy":"product_cat","embeddable":true,"href":"https:\/\/www.jsbyjx.com\/index.php\/wp-json\/wp\/v2\/product_cat?post=47"},{"taxonomy":"product_tag","embeddable":true,"href":"https:\/\/www.jsbyjx.com\/index.php\/wp-json\/wp\/v2\/product_tag?post=47"}],"curies":[{"name":"wp","href":"https:\/\/api.w.org\/{rel}","templated":true}]}}