{"id":49,"date":"2026-04-07T10:49:26","date_gmt":"2026-04-07T08:49:26","guid":{"rendered":"https:\/\/jsbyjx.com\/index.php\/product\/mug-nordique-creatif-geometrique-avec-couvercle-et-cuillere-tasse-en-ceramique-simple-taza-cafe-ceramica-tasse-a-cafe-au-lait-pour-petit-dejeuner-maison-mm66mkb\/"},"modified":"2026-04-07T10:49:27","modified_gmt":"2026-04-07T08:49:27","slug":"mug-nordique-creatif-geometrique-avec-couvercle-et-cuillere-tasse-en-ceramique-simple-taza-cafe-ceramica-tasse-a-cafe-au-lait-pour-petit-dejeuner-maison-mm66mkb","status":"publish","type":"product","link":"https:\/\/www.jsbyjx.com\/index.php\/product\/mug-nordique-creatif-geometrique-avec-couvercle-et-cuillere-tasse-en-ceramique-simple-taza-cafe-ceramica-tasse-a-cafe-au-lait-pour-petit-dejeuner-maison-mm66mkb\/","title":{"rendered":"Mug nordique cr\u00e9atif g\u00e9om\u00e9trique avec couvercle et cuill\u00e8re, tasse en c\u00e9ramique simple Taza Cafe Ceramica, tasse \u00e0 caf\u00e9 au lait pour petit-d\u00e9jeuner maison MM66MKB"},"content":{"rendered":"<p>Mat\u00e9riau\u00a0: c\u00e9ramique Type de c\u00e9ramique\u00a0: porcelaine Type\u00a0: tasse \u00e0 lait Style\u00a0: simple Accessoires\u00a0: aucun Forme\u00a0: avec anse Sp\u00e9cifications\u00a0: 1 Certification\u00a0: CIQ Num\u00e9ro de mod\u00e8le\u00a0: tasse Caract\u00e9ristique\u00a0: \u00e9cologique Style\u00a0: nordique Public cible\u00a0: adulte Destin\u00e9 \u00e0\u00a0: grand public Manuel d\u2019utilisation\u00a0: oui<\/p>\n","protected":false},"excerpt":{"rendered":"<p>Mat\u00e9riau\u00a0: c\u00e9ramique Type de c\u00e9ramique\u00a0: porcelaine Type\u00a0: tasse \u00e0 lait Style\u00a0: simple Accessoires\u00a0: aucun Forme\u00a0: avec anse Sp\u00e9cifications\u00a0: 1 Certification\u00a0:<\/p>\n","protected":false},"featured_media":48,"comment_status":"open","ping_status":"closed","template":"","meta":[],"product_brand":[],"product_cat":[16],"product_tag":[],"class_list":{"0":"post-49","1":"product","2":"type-product","3":"status-publish","4":"has-post-thumbnail","6":"product_cat-tasse-deau-quotidienne","8":"first","9":"instock","10":"shipping-taxable","11":"purchasable","12":"product-type-simple"},"_links":{"self":[{"href":"https:\/\/www.jsbyjx.com\/index.php\/wp-json\/wp\/v2\/product\/49","targetHints":{"allow":["GET"]}}],"collection":[{"href":"https:\/\/www.jsbyjx.com\/index.php\/wp-json\/wp\/v2\/product"}],"about":[{"href":"https:\/\/www.jsbyjx.com\/index.php\/wp-json\/wp\/v2\/types\/product"}],"replies":[{"embeddable":true,"href":"https:\/\/www.jsbyjx.com\/index.php\/wp-json\/wp\/v2\/comments?post=49"}],"version-history":[{"count":0,"href":"https:\/\/www.jsbyjx.com\/index.php\/wp-json\/wp\/v2\/product\/49\/revisions"}],"wp:featuredmedia":[{"embeddable":true,"href":"https:\/\/www.jsbyjx.com\/index.php\/wp-json\/wp\/v2\/media\/48"}],"wp:attachment":[{"href":"https:\/\/www.jsbyjx.com\/index.php\/wp-json\/wp\/v2\/media?parent=49"}],"wp:term":[{"taxonomy":"product_brand","embeddable":true,"href":"https:\/\/www.jsbyjx.com\/index.php\/wp-json\/wp\/v2\/product_brand?post=49"},{"taxonomy":"product_cat","embeddable":true,"href":"https:\/\/www.jsbyjx.com\/index.php\/wp-json\/wp\/v2\/product_cat?post=49"},{"taxonomy":"product_tag","embeddable":true,"href":"https:\/\/www.jsbyjx.com\/index.php\/wp-json\/wp\/v2\/product_tag?post=49"}],"curies":[{"name":"wp","href":"https:\/\/api.w.org\/{rel}","templated":true}]}}