{"id":53,"date":"2026-04-07T10:49:29","date_gmt":"2026-04-07T08:49:29","guid":{"rendered":"https:\/\/jsbyjx.com\/index.php\/product\/tasse-a-the-vintage-peinte-a-la-main-avec-des-fleurs-en-ceramique-pour-la-table-le-cafe-lhotel-ou-la-maison-accessoire-de-decoration-creative-pour-la-maison\/"},"modified":"2026-04-07T10:49:29","modified_gmt":"2026-04-07T08:49:29","slug":"tasse-a-the-vintage-peinte-a-la-main-avec-des-fleurs-en-ceramique-pour-la-table-le-cafe-lhotel-ou-la-maison-accessoire-de-decoration-creative-pour-la-maison","status":"publish","type":"product","link":"https:\/\/www.jsbyjx.com\/index.php\/product\/tasse-a-the-vintage-peinte-a-la-main-avec-des-fleurs-en-ceramique-pour-la-table-le-cafe-lhotel-ou-la-maison-accessoire-de-decoration-creative-pour-la-maison\/","title":{"rendered":"Tasse \u00e0 th\u00e9 vintage peinte \u00e0 la main avec des fleurs, en c\u00e9ramique, pour la table, le caf\u00e9, l&rsquo;h\u00f4tel ou la maison. Accessoire de d\u00e9coration cr\u00e9ative pour la maison."},"content":{"rendered":"<p>Type\u00a0: Tasses \u00e0 th\u00e9 Mat\u00e9riau\u00a0: C\u00e9ramique Type de c\u00e9ramique\u00a0: Porcelaine Technique\u00a0: Peint \u00e0 la main Quantit\u00e9\u00a0: 1 Caract\u00e9ristique\u00a0: \u00c9cologique Caract\u00e9ristique\u00a0: En stock Type de vaisselle\u00a0: Tasses et soucoupes<\/p>\n","protected":false},"excerpt":{"rendered":"<p>Type\u00a0: Tasses \u00e0 th\u00e9 Mat\u00e9riau\u00a0: C\u00e9ramique Type de c\u00e9ramique\u00a0: Porcelaine Technique\u00a0: Peint \u00e0 la main Quantit\u00e9\u00a0: 1 Caract\u00e9ristique\u00a0: \u00c9cologique Caract\u00e9ristique\u00a0:<\/p>\n","protected":false},"featured_media":52,"comment_status":"open","ping_status":"closed","template":"","meta":[],"product_brand":[],"product_cat":[16],"product_tag":[],"class_list":{"0":"post-53","1":"product","2":"type-product","3":"status-publish","4":"has-post-thumbnail","6":"product_cat-tasse-deau-quotidienne","8":"first","9":"instock","10":"shipping-taxable","11":"purchasable","12":"product-type-simple"},"_links":{"self":[{"href":"https:\/\/www.jsbyjx.com\/index.php\/wp-json\/wp\/v2\/product\/53","targetHints":{"allow":["GET"]}}],"collection":[{"href":"https:\/\/www.jsbyjx.com\/index.php\/wp-json\/wp\/v2\/product"}],"about":[{"href":"https:\/\/www.jsbyjx.com\/index.php\/wp-json\/wp\/v2\/types\/product"}],"replies":[{"embeddable":true,"href":"https:\/\/www.jsbyjx.com\/index.php\/wp-json\/wp\/v2\/comments?post=53"}],"version-history":[{"count":0,"href":"https:\/\/www.jsbyjx.com\/index.php\/wp-json\/wp\/v2\/product\/53\/revisions"}],"wp:featuredmedia":[{"embeddable":true,"href":"https:\/\/www.jsbyjx.com\/index.php\/wp-json\/wp\/v2\/media\/52"}],"wp:attachment":[{"href":"https:\/\/www.jsbyjx.com\/index.php\/wp-json\/wp\/v2\/media?parent=53"}],"wp:term":[{"taxonomy":"product_brand","embeddable":true,"href":"https:\/\/www.jsbyjx.com\/index.php\/wp-json\/wp\/v2\/product_brand?post=53"},{"taxonomy":"product_cat","embeddable":true,"href":"https:\/\/www.jsbyjx.com\/index.php\/wp-json\/wp\/v2\/product_cat?post=53"},{"taxonomy":"product_tag","embeddable":true,"href":"https:\/\/www.jsbyjx.com\/index.php\/wp-json\/wp\/v2\/product_tag?post=53"}],"curies":[{"name":"wp","href":"https:\/\/api.w.org\/{rel}","templated":true}]}}