{"id":55,"date":"2026-04-07T10:49:31","date_gmt":"2026-04-07T08:49:31","guid":{"rendered":"https:\/\/jsbyjx.com\/index.php\/product\/etui-pour-bouteille-de-sport-de-1000-ml-avec-bandouliere-reglable-porte-bouteille-en-neoprene-pochette-isotherme-pour-gourde\/"},"modified":"2026-04-07T10:49:31","modified_gmt":"2026-04-07T08:49:31","slug":"etui-pour-bouteille-de-sport-de-1000-ml-avec-bandouliere-reglable-porte-bouteille-en-neoprene-pochette-isotherme-pour-gourde","status":"publish","type":"product","link":"https:\/\/www.jsbyjx.com\/index.php\/product\/etui-pour-bouteille-de-sport-de-1000-ml-avec-bandouliere-reglable-porte-bouteille-en-neoprene-pochette-isotherme-pour-gourde\/","title":{"rendered":"\u00c9tui pour bouteille de sport de 1000 ml avec bandouli\u00e8re r\u00e9glable, porte-bouteille en n\u00e9opr\u00e8ne, pochette isotherme pour gourde."},"content":{"rendered":"<p>\u00c9tui pour bouteille de sport de 1000 ml avec bandouli\u00e8re r\u00e9glable, porte-bouteille en n\u00e9opr\u00e8ne, pochette isotherme pour gourde.<\/p>\n","protected":false},"excerpt":{"rendered":"<p>\u00c9tui pour bouteille de sport de 1000 ml avec bandouli\u00e8re r\u00e9glable, porte-bouteille en n\u00e9opr\u00e8ne, pochette isotherme pour gourde.<\/p>\n","protected":false},"featured_media":54,"comment_status":"open","ping_status":"closed","template":"","meta":[],"product_brand":[],"product_cat":[17],"product_tag":[],"class_list":{"0":"post-55","1":"product","2":"type-product","3":"status-publish","4":"has-post-thumbnail","6":"product_cat-gobelet-a-eau-personnalise","8":"first","9":"instock","10":"shipping-taxable","11":"purchasable","12":"product-type-simple"},"_links":{"self":[{"href":"https:\/\/www.jsbyjx.com\/index.php\/wp-json\/wp\/v2\/product\/55","targetHints":{"allow":["GET"]}}],"collection":[{"href":"https:\/\/www.jsbyjx.com\/index.php\/wp-json\/wp\/v2\/product"}],"about":[{"href":"https:\/\/www.jsbyjx.com\/index.php\/wp-json\/wp\/v2\/types\/product"}],"replies":[{"embeddable":true,"href":"https:\/\/www.jsbyjx.com\/index.php\/wp-json\/wp\/v2\/comments?post=55"}],"version-history":[{"count":0,"href":"https:\/\/www.jsbyjx.com\/index.php\/wp-json\/wp\/v2\/product\/55\/revisions"}],"wp:featuredmedia":[{"embeddable":true,"href":"https:\/\/www.jsbyjx.com\/index.php\/wp-json\/wp\/v2\/media\/54"}],"wp:attachment":[{"href":"https:\/\/www.jsbyjx.com\/index.php\/wp-json\/wp\/v2\/media?parent=55"}],"wp:term":[{"taxonomy":"product_brand","embeddable":true,"href":"https:\/\/www.jsbyjx.com\/index.php\/wp-json\/wp\/v2\/product_brand?post=55"},{"taxonomy":"product_cat","embeddable":true,"href":"https:\/\/www.jsbyjx.com\/index.php\/wp-json\/wp\/v2\/product_cat?post=55"},{"taxonomy":"product_tag","embeddable":true,"href":"https:\/\/www.jsbyjx.com\/index.php\/wp-json\/wp\/v2\/product_tag?post=55"}],"curies":[{"name":"wp","href":"https:\/\/api.w.org\/{rel}","templated":true}]}}