{"id":57,"date":"2026-04-07T10:49:32","date_gmt":"2026-04-07T08:49:32","guid":{"rendered":"https:\/\/jsbyjx.com\/index.php\/product\/gobelet-isotherme-en-plastique-de-grande-capacite-2000-ml-avec-paille-ideal-pour-le-sport-le-camping-et-les-activites-de-plein-air\/"},"modified":"2026-04-07T10:49:32","modified_gmt":"2026-04-07T08:49:32","slug":"gobelet-isotherme-en-plastique-de-grande-capacite-2000-ml-avec-paille-ideal-pour-le-sport-le-camping-et-les-activites-de-plein-air","status":"publish","type":"product","link":"https:\/\/www.jsbyjx.com\/index.php\/product\/gobelet-isotherme-en-plastique-de-grande-capacite-2000-ml-avec-paille-ideal-pour-le-sport-le-camping-et-les-activites-de-plein-air\/","title":{"rendered":"Gobelet isotherme en plastique de grande capacit\u00e9 (2000 ml) avec paille, id\u00e9al pour le sport, le camping et les activit\u00e9s de plein air."},"content":{"rendered":"<p>Gobelet isotherme en plastique de grande capacit\u00e9 (2000 ml) avec paille, id\u00e9al pour le sport, le camping et les activit\u00e9s de plein air.<\/p>\n","protected":false},"excerpt":{"rendered":"<p>Gobelet isotherme en plastique de grande capacit\u00e9 (2000 ml) avec paille, id\u00e9al pour le sport, le camping et les activit\u00e9s<\/p>\n","protected":false},"featured_media":56,"comment_status":"open","ping_status":"closed","template":"","meta":[],"product_brand":[],"product_cat":[17],"product_tag":[],"class_list":{"0":"post-57","1":"product","2":"type-product","3":"status-publish","4":"has-post-thumbnail","6":"product_cat-gobelet-a-eau-personnalise","8":"first","9":"instock","10":"shipping-taxable","11":"purchasable","12":"product-type-simple"},"_links":{"self":[{"href":"https:\/\/www.jsbyjx.com\/index.php\/wp-json\/wp\/v2\/product\/57","targetHints":{"allow":["GET"]}}],"collection":[{"href":"https:\/\/www.jsbyjx.com\/index.php\/wp-json\/wp\/v2\/product"}],"about":[{"href":"https:\/\/www.jsbyjx.com\/index.php\/wp-json\/wp\/v2\/types\/product"}],"replies":[{"embeddable":true,"href":"https:\/\/www.jsbyjx.com\/index.php\/wp-json\/wp\/v2\/comments?post=57"}],"version-history":[{"count":0,"href":"https:\/\/www.jsbyjx.com\/index.php\/wp-json\/wp\/v2\/product\/57\/revisions"}],"wp:featuredmedia":[{"embeddable":true,"href":"https:\/\/www.jsbyjx.com\/index.php\/wp-json\/wp\/v2\/media\/56"}],"wp:attachment":[{"href":"https:\/\/www.jsbyjx.com\/index.php\/wp-json\/wp\/v2\/media?parent=57"}],"wp:term":[{"taxonomy":"product_brand","embeddable":true,"href":"https:\/\/www.jsbyjx.com\/index.php\/wp-json\/wp\/v2\/product_brand?post=57"},{"taxonomy":"product_cat","embeddable":true,"href":"https:\/\/www.jsbyjx.com\/index.php\/wp-json\/wp\/v2\/product_cat?post=57"},{"taxonomy":"product_tag","embeddable":true,"href":"https:\/\/www.jsbyjx.com\/index.php\/wp-json\/wp\/v2\/product_tag?post=57"}],"curies":[{"name":"wp","href":"https:\/\/api.w.org\/{rel}","templated":true}]}}