{"id":61,"date":"2026-04-07T10:49:35","date_gmt":"2026-04-07T08:49:35","guid":{"rendered":"https:\/\/jsbyjx.com\/index.php\/product\/bouteille-deau-en-plastique-de-500-ml-sans-bpa-ideale-pour-les-sports-de-plein-air-les-etudiants-et-les-occasions-speciales-gobelet-isotherme-portable-avec-poignee\/"},"modified":"2026-04-07T10:49:35","modified_gmt":"2026-04-07T08:49:35","slug":"bouteille-deau-en-plastique-de-500-ml-sans-bpa-ideale-pour-les-sports-de-plein-air-les-etudiants-et-les-occasions-speciales-gobelet-isotherme-portable-avec-poignee","status":"publish","type":"product","link":"https:\/\/www.jsbyjx.com\/index.php\/product\/bouteille-deau-en-plastique-de-500-ml-sans-bpa-ideale-pour-les-sports-de-plein-air-les-etudiants-et-les-occasions-speciales-gobelet-isotherme-portable-avec-poignee\/","title":{"rendered":"Bouteille d&rsquo;eau en plastique de 500 ml sans BPA, id\u00e9ale pour les sports de plein air, les \u00e9tudiants et les occasions sp\u00e9ciales. Gobelet isotherme portable avec poign\u00e9e."},"content":{"rendered":"<p>Bouteille d&rsquo;eau en plastique de 500 ml sans BPA, id\u00e9ale pour les sports de plein air, les \u00e9tudiants et les occasions sp\u00e9ciales. Gobelet isotherme portable avec poign\u00e9e.<\/p>\n","protected":false},"excerpt":{"rendered":"<p>Bouteille d&rsquo;eau en plastique de 500 ml sans BPA, id\u00e9ale pour les sports de plein air, les \u00e9tudiants et les<\/p>\n","protected":false},"featured_media":60,"comment_status":"open","ping_status":"closed","template":"","meta":[],"product_brand":[],"product_cat":[17],"product_tag":[],"class_list":{"0":"post-61","1":"product","2":"type-product","3":"status-publish","4":"has-post-thumbnail","6":"product_cat-gobelet-a-eau-personnalise","8":"first","9":"instock","10":"shipping-taxable","11":"purchasable","12":"product-type-simple"},"_links":{"self":[{"href":"https:\/\/www.jsbyjx.com\/index.php\/wp-json\/wp\/v2\/product\/61","targetHints":{"allow":["GET"]}}],"collection":[{"href":"https:\/\/www.jsbyjx.com\/index.php\/wp-json\/wp\/v2\/product"}],"about":[{"href":"https:\/\/www.jsbyjx.com\/index.php\/wp-json\/wp\/v2\/types\/product"}],"replies":[{"embeddable":true,"href":"https:\/\/www.jsbyjx.com\/index.php\/wp-json\/wp\/v2\/comments?post=61"}],"version-history":[{"count":0,"href":"https:\/\/www.jsbyjx.com\/index.php\/wp-json\/wp\/v2\/product\/61\/revisions"}],"wp:featuredmedia":[{"embeddable":true,"href":"https:\/\/www.jsbyjx.com\/index.php\/wp-json\/wp\/v2\/media\/60"}],"wp:attachment":[{"href":"https:\/\/www.jsbyjx.com\/index.php\/wp-json\/wp\/v2\/media?parent=61"}],"wp:term":[{"taxonomy":"product_brand","embeddable":true,"href":"https:\/\/www.jsbyjx.com\/index.php\/wp-json\/wp\/v2\/product_brand?post=61"},{"taxonomy":"product_cat","embeddable":true,"href":"https:\/\/www.jsbyjx.com\/index.php\/wp-json\/wp\/v2\/product_cat?post=61"},{"taxonomy":"product_tag","embeddable":true,"href":"https:\/\/www.jsbyjx.com\/index.php\/wp-json\/wp\/v2\/product_tag?post=61"}],"curies":[{"name":"wp","href":"https:\/\/api.w.org\/{rel}","templated":true}]}}