{"id":65,"date":"2026-04-07T10:49:42","date_gmt":"2026-04-07T08:49:42","guid":{"rendered":"https:\/\/jsbyjx.com\/index.php\/product\/gourde-de-sport-grande-capacite-1000-ml-gobelet-a-effet-degrade-ideale-pour-les-voyages-la-salle-de-sport-et-le-fitness-en-exterieur-bouteilles-deau-portables\/"},"modified":"2026-04-07T10:49:42","modified_gmt":"2026-04-07T08:49:42","slug":"gourde-de-sport-grande-capacite-1000-ml-gobelet-a-effet-degrade-ideale-pour-les-voyages-la-salle-de-sport-et-le-fitness-en-exterieur-bouteilles-deau-portables","status":"publish","type":"product","link":"https:\/\/www.jsbyjx.com\/index.php\/product\/gourde-de-sport-grande-capacite-1000-ml-gobelet-a-effet-degrade-ideale-pour-les-voyages-la-salle-de-sport-et-le-fitness-en-exterieur-bouteilles-deau-portables\/","title":{"rendered":"Gourde de sport grande capacit\u00e9 1000 ml, gobelet \u00e0 effet d\u00e9grad\u00e9, id\u00e9ale pour les voyages, la salle de sport et le fitness en ext\u00e9rieur. Bouteilles d&rsquo;eau portables."},"content":{"rendered":"<p>Gourde de sport grande capacit\u00e9 1000 ml, gobelet \u00e0 effet d\u00e9grad\u00e9, id\u00e9ale pour les voyages, la salle de sport et le fitness en ext\u00e9rieur. Bouteilles d&rsquo;eau portables.<\/p>\n","protected":false},"excerpt":{"rendered":"<p>Gourde de sport grande capacit\u00e9 1000 ml, gobelet \u00e0 effet d\u00e9grad\u00e9, id\u00e9ale pour les voyages, la salle de sport et<\/p>\n","protected":false},"featured_media":64,"comment_status":"open","ping_status":"closed","template":"","meta":[],"product_brand":[],"product_cat":[17],"product_tag":[],"class_list":{"0":"post-65","1":"product","2":"type-product","3":"status-publish","4":"has-post-thumbnail","6":"product_cat-gobelet-a-eau-personnalise","8":"first","9":"instock","10":"shipping-taxable","11":"purchasable","12":"product-type-simple"},"_links":{"self":[{"href":"https:\/\/www.jsbyjx.com\/index.php\/wp-json\/wp\/v2\/product\/65","targetHints":{"allow":["GET"]}}],"collection":[{"href":"https:\/\/www.jsbyjx.com\/index.php\/wp-json\/wp\/v2\/product"}],"about":[{"href":"https:\/\/www.jsbyjx.com\/index.php\/wp-json\/wp\/v2\/types\/product"}],"replies":[{"embeddable":true,"href":"https:\/\/www.jsbyjx.com\/index.php\/wp-json\/wp\/v2\/comments?post=65"}],"version-history":[{"count":0,"href":"https:\/\/www.jsbyjx.com\/index.php\/wp-json\/wp\/v2\/product\/65\/revisions"}],"wp:featuredmedia":[{"embeddable":true,"href":"https:\/\/www.jsbyjx.com\/index.php\/wp-json\/wp\/v2\/media\/64"}],"wp:attachment":[{"href":"https:\/\/www.jsbyjx.com\/index.php\/wp-json\/wp\/v2\/media?parent=65"}],"wp:term":[{"taxonomy":"product_brand","embeddable":true,"href":"https:\/\/www.jsbyjx.com\/index.php\/wp-json\/wp\/v2\/product_brand?post=65"},{"taxonomy":"product_cat","embeddable":true,"href":"https:\/\/www.jsbyjx.com\/index.php\/wp-json\/wp\/v2\/product_cat?post=65"},{"taxonomy":"product_tag","embeddable":true,"href":"https:\/\/www.jsbyjx.com\/index.php\/wp-json\/wp\/v2\/product_tag?post=65"}],"curies":[{"name":"wp","href":"https:\/\/api.w.org\/{rel}","templated":true}]}}