{"id":67,"date":"2026-04-07T10:49:45","date_gmt":"2026-04-07T08:49:45","guid":{"rendered":"https:\/\/jsbyjx.com\/index.php\/product\/gourde-de-sport-uzspace-1000-ml-avec-indicateur-de-temps-etanche-et-resistante-aux-chocs-en-tritan-givre-ideale-pour-les-activites-de-plein-air-les-voyages-lecole-et-la-salle-de-sport-sans-bpa\/"},"modified":"2026-04-07T10:49:45","modified_gmt":"2026-04-07T08:49:45","slug":"gourde-de-sport-uzspace-1000-ml-avec-indicateur-de-temps-etanche-et-resistante-aux-chocs-en-tritan-givre-ideale-pour-les-activites-de-plein-air-les-voyages-lecole-et-la-salle-de-sport-sans-bpa","status":"publish","type":"product","link":"https:\/\/www.jsbyjx.com\/index.php\/product\/gourde-de-sport-uzspace-1000-ml-avec-indicateur-de-temps-etanche-et-resistante-aux-chocs-en-tritan-givre-ideale-pour-les-activites-de-plein-air-les-voyages-lecole-et-la-salle-de-sport-sans-bpa\/","title":{"rendered":"Gourde de sport UZSPACE 1000 ml avec indicateur de temps, \u00e9tanche et r\u00e9sistante aux chocs, en Tritan givr\u00e9, id\u00e9ale pour les activit\u00e9s de plein air, les voyages, l&rsquo;\u00e9cole et la salle de sport. Sans BPA."},"content":{"rendered":"<p>Gourde de sport UZSPACE 1000 ml avec indicateur de temps, \u00e9tanche et r\u00e9sistante aux chocs, en Tritan givr\u00e9, id\u00e9ale pour les activit\u00e9s de plein air, les voyages, l&rsquo;\u00e9cole et la salle de sport. Sans BPA.<\/p>\n","protected":false},"excerpt":{"rendered":"<p>Gourde de sport UZSPACE 1000 ml avec indicateur de temps, \u00e9tanche et r\u00e9sistante aux chocs, en Tritan givr\u00e9, id\u00e9ale pour<\/p>\n","protected":false},"featured_media":66,"comment_status":"open","ping_status":"closed","template":"","meta":[],"product_brand":[],"product_cat":[17],"product_tag":[],"class_list":{"0":"post-67","1":"product","2":"type-product","3":"status-publish","4":"has-post-thumbnail","6":"product_cat-gobelet-a-eau-personnalise","8":"first","9":"instock","10":"shipping-taxable","11":"purchasable","12":"product-type-simple"},"_links":{"self":[{"href":"https:\/\/www.jsbyjx.com\/index.php\/wp-json\/wp\/v2\/product\/67","targetHints":{"allow":["GET"]}}],"collection":[{"href":"https:\/\/www.jsbyjx.com\/index.php\/wp-json\/wp\/v2\/product"}],"about":[{"href":"https:\/\/www.jsbyjx.com\/index.php\/wp-json\/wp\/v2\/types\/product"}],"replies":[{"embeddable":true,"href":"https:\/\/www.jsbyjx.com\/index.php\/wp-json\/wp\/v2\/comments?post=67"}],"version-history":[{"count":0,"href":"https:\/\/www.jsbyjx.com\/index.php\/wp-json\/wp\/v2\/product\/67\/revisions"}],"wp:featuredmedia":[{"embeddable":true,"href":"https:\/\/www.jsbyjx.com\/index.php\/wp-json\/wp\/v2\/media\/66"}],"wp:attachment":[{"href":"https:\/\/www.jsbyjx.com\/index.php\/wp-json\/wp\/v2\/media?parent=67"}],"wp:term":[{"taxonomy":"product_brand","embeddable":true,"href":"https:\/\/www.jsbyjx.com\/index.php\/wp-json\/wp\/v2\/product_brand?post=67"},{"taxonomy":"product_cat","embeddable":true,"href":"https:\/\/www.jsbyjx.com\/index.php\/wp-json\/wp\/v2\/product_cat?post=67"},{"taxonomy":"product_tag","embeddable":true,"href":"https:\/\/www.jsbyjx.com\/index.php\/wp-json\/wp\/v2\/product_tag?post=67"}],"curies":[{"name":"wp","href":"https:\/\/api.w.org\/{rel}","templated":true}]}}