{"id":69,"date":"2026-04-07T10:49:46","date_gmt":"2026-04-07T08:49:46","guid":{"rendered":"https:\/\/jsbyjx.com\/index.php\/product\/bouteille-en-verre-grande-capacite-500-750-ml-avec-couvercle-gradue-pour-boissons-eau-lait-jus-transparente-ideale-comme-cadeau-danniversaire\/"},"modified":"2026-04-07T10:49:46","modified_gmt":"2026-04-07T08:49:46","slug":"bouteille-en-verre-grande-capacite-500-750-ml-avec-couvercle-gradue-pour-boissons-eau-lait-jus-transparente-ideale-comme-cadeau-danniversaire","status":"publish","type":"product","link":"https:\/\/www.jsbyjx.com\/index.php\/product\/bouteille-en-verre-grande-capacite-500-750-ml-avec-couvercle-gradue-pour-boissons-eau-lait-jus-transparente-ideale-comme-cadeau-danniversaire\/","title":{"rendered":"Bouteille en verre grande capacit\u00e9 500\/750 ml avec couvercle gradu\u00e9 pour boissons (eau, lait, jus), transparente, id\u00e9ale comme cadeau d&rsquo;anniversaire."},"content":{"rendered":"<p>Bouteille en verre grande capacit\u00e9 500\/750 ml avec couvercle gradu\u00e9 pour boissons (eau, lait, jus), transparente, id\u00e9ale comme cadeau d&rsquo;anniversaire.<\/p>\n","protected":false},"excerpt":{"rendered":"<p>Bouteille en verre grande capacit\u00e9 500\/750 ml avec couvercle gradu\u00e9 pour boissons (eau, lait, jus), transparente, id\u00e9ale comme cadeau d&rsquo;anniversaire.<\/p>\n","protected":false},"featured_media":68,"comment_status":"open","ping_status":"closed","template":"","meta":[],"product_brand":[],"product_cat":[17],"product_tag":[],"class_list":{"0":"post-69","1":"product","2":"type-product","3":"status-publish","4":"has-post-thumbnail","6":"product_cat-gobelet-a-eau-personnalise","8":"first","9":"instock","10":"shipping-taxable","11":"purchasable","12":"product-type-simple"},"_links":{"self":[{"href":"https:\/\/www.jsbyjx.com\/index.php\/wp-json\/wp\/v2\/product\/69","targetHints":{"allow":["GET"]}}],"collection":[{"href":"https:\/\/www.jsbyjx.com\/index.php\/wp-json\/wp\/v2\/product"}],"about":[{"href":"https:\/\/www.jsbyjx.com\/index.php\/wp-json\/wp\/v2\/types\/product"}],"replies":[{"embeddable":true,"href":"https:\/\/www.jsbyjx.com\/index.php\/wp-json\/wp\/v2\/comments?post=69"}],"version-history":[{"count":0,"href":"https:\/\/www.jsbyjx.com\/index.php\/wp-json\/wp\/v2\/product\/69\/revisions"}],"wp:featuredmedia":[{"embeddable":true,"href":"https:\/\/www.jsbyjx.com\/index.php\/wp-json\/wp\/v2\/media\/68"}],"wp:attachment":[{"href":"https:\/\/www.jsbyjx.com\/index.php\/wp-json\/wp\/v2\/media?parent=69"}],"wp:term":[{"taxonomy":"product_brand","embeddable":true,"href":"https:\/\/www.jsbyjx.com\/index.php\/wp-json\/wp\/v2\/product_brand?post=69"},{"taxonomy":"product_cat","embeddable":true,"href":"https:\/\/www.jsbyjx.com\/index.php\/wp-json\/wp\/v2\/product_cat?post=69"},{"taxonomy":"product_tag","embeddable":true,"href":"https:\/\/www.jsbyjx.com\/index.php\/wp-json\/wp\/v2\/product_tag?post=69"}],"curies":[{"name":"wp","href":"https:\/\/api.w.org\/{rel}","templated":true}]}}