{"id":73,"date":"2026-04-07T10:49:49","date_gmt":"2026-04-07T08:49:49","guid":{"rendered":"https:\/\/jsbyjx.com\/index.php\/product\/pichet-a-eau-froide-avec-bec-verseur-et-theiere-a-fruits-compatible-avec-le-congelateur\/"},"modified":"2026-04-07T10:49:49","modified_gmt":"2026-04-07T08:49:49","slug":"pichet-a-eau-froide-avec-bec-verseur-et-theiere-a-fruits-compatible-avec-le-congelateur","status":"publish","type":"product","link":"https:\/\/www.jsbyjx.com\/index.php\/product\/pichet-a-eau-froide-avec-bec-verseur-et-theiere-a-fruits-compatible-avec-le-congelateur\/","title":{"rendered":"Pichet \u00e0 eau froide avec bec verseur et th\u00e9i\u00e8re \u00e0 fruits, compatible avec le cong\u00e9lateur"},"content":{"rendered":"<p>Pichet \u00e0 eau froide avec bec verseur et th\u00e9i\u00e8re \u00e0 fruits, compatible avec le cong\u00e9lateur<\/p>\n","protected":false},"excerpt":{"rendered":"<p>Pichet \u00e0 eau froide avec bec verseur et th\u00e9i\u00e8re \u00e0 fruits, compatible avec le cong\u00e9lateur<\/p>\n","protected":false},"featured_media":72,"comment_status":"open","ping_status":"closed","template":"","meta":[],"product_brand":[],"product_cat":[17],"product_tag":[],"class_list":{"0":"post-73","1":"product","2":"type-product","3":"status-publish","4":"has-post-thumbnail","6":"product_cat-gobelet-a-eau-personnalise","8":"first","9":"instock","10":"shipping-taxable","11":"purchasable","12":"product-type-simple"},"_links":{"self":[{"href":"https:\/\/www.jsbyjx.com\/index.php\/wp-json\/wp\/v2\/product\/73","targetHints":{"allow":["GET"]}}],"collection":[{"href":"https:\/\/www.jsbyjx.com\/index.php\/wp-json\/wp\/v2\/product"}],"about":[{"href":"https:\/\/www.jsbyjx.com\/index.php\/wp-json\/wp\/v2\/types\/product"}],"replies":[{"embeddable":true,"href":"https:\/\/www.jsbyjx.com\/index.php\/wp-json\/wp\/v2\/comments?post=73"}],"version-history":[{"count":0,"href":"https:\/\/www.jsbyjx.com\/index.php\/wp-json\/wp\/v2\/product\/73\/revisions"}],"wp:featuredmedia":[{"embeddable":true,"href":"https:\/\/www.jsbyjx.com\/index.php\/wp-json\/wp\/v2\/media\/72"}],"wp:attachment":[{"href":"https:\/\/www.jsbyjx.com\/index.php\/wp-json\/wp\/v2\/media?parent=73"}],"wp:term":[{"taxonomy":"product_brand","embeddable":true,"href":"https:\/\/www.jsbyjx.com\/index.php\/wp-json\/wp\/v2\/product_brand?post=73"},{"taxonomy":"product_cat","embeddable":true,"href":"https:\/\/www.jsbyjx.com\/index.php\/wp-json\/wp\/v2\/product_cat?post=73"},{"taxonomy":"product_tag","embeddable":true,"href":"https:\/\/www.jsbyjx.com\/index.php\/wp-json\/wp\/v2\/product_tag?post=73"}],"curies":[{"name":"wp","href":"https:\/\/api.w.org\/{rel}","templated":true}]}}