{"id":79,"date":"2026-04-07T10:49:54","date_gmt":"2026-04-07T08:49:54","guid":{"rendered":"https:\/\/jsbyjx.com\/index.php\/product\/gobelet-dete-en-plastique-alimentaire-avec-paille-motif-pasteque-pour-the-lait-et-jus\/"},"modified":"2026-04-07T10:49:54","modified_gmt":"2026-04-07T08:49:54","slug":"gobelet-dete-en-plastique-alimentaire-avec-paille-motif-pasteque-pour-the-lait-et-jus","status":"publish","type":"product","link":"https:\/\/www.jsbyjx.com\/index.php\/product\/gobelet-dete-en-plastique-alimentaire-avec-paille-motif-pasteque-pour-the-lait-et-jus\/","title":{"rendered":"Gobelet d&rsquo;\u00e9t\u00e9 en plastique alimentaire avec paille, motif past\u00e8que, pour th\u00e9, lait et jus."},"content":{"rendered":"<p>Gobelet d&rsquo;\u00e9t\u00e9 en plastique alimentaire avec paille, motif past\u00e8que, pour th\u00e9, lait et jus.<\/p>\n","protected":false},"excerpt":{"rendered":"<p>Gobelet d&rsquo;\u00e9t\u00e9 en plastique alimentaire avec paille, motif past\u00e8que, pour th\u00e9, lait et jus.<\/p>\n","protected":false},"featured_media":78,"comment_status":"open","ping_status":"closed","template":"","meta":[],"product_brand":[],"product_cat":[17],"product_tag":[],"class_list":{"0":"post-79","1":"product","2":"type-product","3":"status-publish","4":"has-post-thumbnail","6":"product_cat-gobelet-a-eau-personnalise","8":"first","9":"instock","10":"shipping-taxable","11":"purchasable","12":"product-type-simple"},"_links":{"self":[{"href":"https:\/\/www.jsbyjx.com\/index.php\/wp-json\/wp\/v2\/product\/79","targetHints":{"allow":["GET"]}}],"collection":[{"href":"https:\/\/www.jsbyjx.com\/index.php\/wp-json\/wp\/v2\/product"}],"about":[{"href":"https:\/\/www.jsbyjx.com\/index.php\/wp-json\/wp\/v2\/types\/product"}],"replies":[{"embeddable":true,"href":"https:\/\/www.jsbyjx.com\/index.php\/wp-json\/wp\/v2\/comments?post=79"}],"version-history":[{"count":0,"href":"https:\/\/www.jsbyjx.com\/index.php\/wp-json\/wp\/v2\/product\/79\/revisions"}],"wp:featuredmedia":[{"embeddable":true,"href":"https:\/\/www.jsbyjx.com\/index.php\/wp-json\/wp\/v2\/media\/78"}],"wp:attachment":[{"href":"https:\/\/www.jsbyjx.com\/index.php\/wp-json\/wp\/v2\/media?parent=79"}],"wp:term":[{"taxonomy":"product_brand","embeddable":true,"href":"https:\/\/www.jsbyjx.com\/index.php\/wp-json\/wp\/v2\/product_brand?post=79"},{"taxonomy":"product_cat","embeddable":true,"href":"https:\/\/www.jsbyjx.com\/index.php\/wp-json\/wp\/v2\/product_cat?post=79"},{"taxonomy":"product_tag","embeddable":true,"href":"https:\/\/www.jsbyjx.com\/index.php\/wp-json\/wp\/v2\/product_tag?post=79"}],"curies":[{"name":"wp","href":"https:\/\/api.w.org\/{rel}","templated":true}]}}