{"id":83,"date":"2026-04-07T10:49:58","date_gmt":"2026-04-07T08:49:58","guid":{"rendered":"https:\/\/jsbyjx.com\/index.php\/product\/gourde-de-700-ml-portable-ideale-pour-les-sports-de-plein-air-en-plastique-pc-mat-antiderapante-et-etanche-cadeau-parfait-pour-les-etudiants-logo-personnalisable\/"},"modified":"2026-04-07T10:49:58","modified_gmt":"2026-04-07T08:49:58","slug":"gourde-de-700-ml-portable-ideale-pour-les-sports-de-plein-air-en-plastique-pc-mat-antiderapante-et-etanche-cadeau-parfait-pour-les-etudiants-logo-personnalisable","status":"publish","type":"product","link":"https:\/\/www.jsbyjx.com\/index.php\/product\/gourde-de-700-ml-portable-ideale-pour-les-sports-de-plein-air-en-plastique-pc-mat-antiderapante-et-etanche-cadeau-parfait-pour-les-etudiants-logo-personnalisable\/","title":{"rendered":"Gourde de 700 ml, portable, id\u00e9ale pour les sports de plein air, en plastique PC mat, antid\u00e9rapante et \u00e9tanche. Cadeau parfait pour les \u00e9tudiants. Logo personnalisable."},"content":{"rendered":"<p>Gourde de 700 ml, portable, id\u00e9ale pour les sports de plein air, en plastique PC mat, antid\u00e9rapante et \u00e9tanche. Cadeau parfait pour les \u00e9tudiants. Logo personnalisable.<\/p>\n","protected":false},"excerpt":{"rendered":"<p>Gourde de 700 ml, portable, id\u00e9ale pour les sports de plein air, en plastique PC mat, antid\u00e9rapante et \u00e9tanche. Cadeau<\/p>\n","protected":false},"featured_media":82,"comment_status":"open","ping_status":"closed","template":"","meta":[],"product_brand":[],"product_cat":[17],"product_tag":[],"class_list":{"0":"post-83","1":"product","2":"type-product","3":"status-publish","4":"has-post-thumbnail","6":"product_cat-gobelet-a-eau-personnalise","8":"first","9":"instock","10":"shipping-taxable","11":"purchasable","12":"product-type-simple"},"_links":{"self":[{"href":"https:\/\/www.jsbyjx.com\/index.php\/wp-json\/wp\/v2\/product\/83","targetHints":{"allow":["GET"]}}],"collection":[{"href":"https:\/\/www.jsbyjx.com\/index.php\/wp-json\/wp\/v2\/product"}],"about":[{"href":"https:\/\/www.jsbyjx.com\/index.php\/wp-json\/wp\/v2\/types\/product"}],"replies":[{"embeddable":true,"href":"https:\/\/www.jsbyjx.com\/index.php\/wp-json\/wp\/v2\/comments?post=83"}],"version-history":[{"count":0,"href":"https:\/\/www.jsbyjx.com\/index.php\/wp-json\/wp\/v2\/product\/83\/revisions"}],"wp:featuredmedia":[{"embeddable":true,"href":"https:\/\/www.jsbyjx.com\/index.php\/wp-json\/wp\/v2\/media\/82"}],"wp:attachment":[{"href":"https:\/\/www.jsbyjx.com\/index.php\/wp-json\/wp\/v2\/media?parent=83"}],"wp:term":[{"taxonomy":"product_brand","embeddable":true,"href":"https:\/\/www.jsbyjx.com\/index.php\/wp-json\/wp\/v2\/product_brand?post=83"},{"taxonomy":"product_cat","embeddable":true,"href":"https:\/\/www.jsbyjx.com\/index.php\/wp-json\/wp\/v2\/product_cat?post=83"},{"taxonomy":"product_tag","embeddable":true,"href":"https:\/\/www.jsbyjx.com\/index.php\/wp-json\/wp\/v2\/product_tag?post=83"}],"curies":[{"name":"wp","href":"https:\/\/api.w.org\/{rel}","templated":true}]}}