{"id":85,"date":"2026-04-07T10:49:59","date_gmt":"2026-04-07T08:49:59","guid":{"rendered":"https:\/\/jsbyjx.com\/index.php\/product\/gourde-de-sport-coloree-et-motivante-avec-indicateur-de-temps-en-plastique-givre-900-ml-ideale-pour-les-activites-de-plein-air\/"},"modified":"2026-04-07T10:49:59","modified_gmt":"2026-04-07T08:49:59","slug":"gourde-de-sport-coloree-et-motivante-avec-indicateur-de-temps-en-plastique-givre-900-ml-ideale-pour-les-activites-de-plein-air","status":"publish","type":"product","link":"https:\/\/www.jsbyjx.com\/index.php\/product\/gourde-de-sport-coloree-et-motivante-avec-indicateur-de-temps-en-plastique-givre-900-ml-ideale-pour-les-activites-de-plein-air\/","title":{"rendered":"Gourde de sport color\u00e9e et motivante avec indicateur de temps, en plastique givr\u00e9, 900 ml, id\u00e9ale pour les activit\u00e9s de plein air."},"content":{"rendered":"<p>Gourde de sport color\u00e9e et motivante avec indicateur de temps, en plastique givr\u00e9, 900 ml, id\u00e9ale pour les activit\u00e9s de plein air.<\/p>\n","protected":false},"excerpt":{"rendered":"<p>Gourde de sport color\u00e9e et motivante avec indicateur de temps, en plastique givr\u00e9, 900 ml, id\u00e9ale pour les activit\u00e9s de<\/p>\n","protected":false},"featured_media":84,"comment_status":"open","ping_status":"closed","template":"","meta":[],"product_brand":[],"product_cat":[17],"product_tag":[],"class_list":{"0":"post-85","1":"product","2":"type-product","3":"status-publish","4":"has-post-thumbnail","6":"product_cat-gobelet-a-eau-personnalise","8":"first","9":"instock","10":"shipping-taxable","11":"purchasable","12":"product-type-simple"},"_links":{"self":[{"href":"https:\/\/www.jsbyjx.com\/index.php\/wp-json\/wp\/v2\/product\/85","targetHints":{"allow":["GET"]}}],"collection":[{"href":"https:\/\/www.jsbyjx.com\/index.php\/wp-json\/wp\/v2\/product"}],"about":[{"href":"https:\/\/www.jsbyjx.com\/index.php\/wp-json\/wp\/v2\/types\/product"}],"replies":[{"embeddable":true,"href":"https:\/\/www.jsbyjx.com\/index.php\/wp-json\/wp\/v2\/comments?post=85"}],"version-history":[{"count":0,"href":"https:\/\/www.jsbyjx.com\/index.php\/wp-json\/wp\/v2\/product\/85\/revisions"}],"wp:featuredmedia":[{"embeddable":true,"href":"https:\/\/www.jsbyjx.com\/index.php\/wp-json\/wp\/v2\/media\/84"}],"wp:attachment":[{"href":"https:\/\/www.jsbyjx.com\/index.php\/wp-json\/wp\/v2\/media?parent=85"}],"wp:term":[{"taxonomy":"product_brand","embeddable":true,"href":"https:\/\/www.jsbyjx.com\/index.php\/wp-json\/wp\/v2\/product_brand?post=85"},{"taxonomy":"product_cat","embeddable":true,"href":"https:\/\/www.jsbyjx.com\/index.php\/wp-json\/wp\/v2\/product_cat?post=85"},{"taxonomy":"product_tag","embeddable":true,"href":"https:\/\/www.jsbyjx.com\/index.php\/wp-json\/wp\/v2\/product_tag?post=85"}],"curies":[{"name":"wp","href":"https:\/\/api.w.org\/{rel}","templated":true}]}}