{"id":89,"date":"2026-04-07T10:50:03","date_gmt":"2026-04-07T08:50:03","guid":{"rendered":"https:\/\/jsbyjx.com\/index.php\/product\/gourde-mignonne-pour-enfants-gobelet-en-plastique-kawaii-avec-couvercle-motif-fille-gourde-portable-pour-lecole-et-les-etudiantes-gobelet-a-paille\/"},"modified":"2026-04-07T10:50:04","modified_gmt":"2026-04-07T08:50:04","slug":"gourde-mignonne-pour-enfants-gobelet-en-plastique-kawaii-avec-couvercle-motif-fille-gourde-portable-pour-lecole-et-les-etudiantes-gobelet-a-paille","status":"publish","type":"product","link":"https:\/\/www.jsbyjx.com\/index.php\/product\/gourde-mignonne-pour-enfants-gobelet-en-plastique-kawaii-avec-couvercle-motif-fille-gourde-portable-pour-lecole-et-les-etudiantes-gobelet-a-paille\/","title":{"rendered":"Gourde mignonne pour enfants, gobelet en plastique kawaii avec couvercle, motif fille, gourde portable pour l&rsquo;\u00e9cole et les \u00e9tudiantes, gobelet \u00e0 paille."},"content":{"rendered":"<p>Gourde mignonne pour enfants, gobelet en plastique kawaii avec couvercle, motif fille, gourde portable pour l&rsquo;\u00e9cole et les \u00e9tudiantes, gobelet \u00e0 paille.<\/p>\n","protected":false},"excerpt":{"rendered":"<p>Gourde mignonne pour enfants, gobelet en plastique kawaii avec couvercle, motif fille, gourde portable pour l&rsquo;\u00e9cole et les \u00e9tudiantes, gobelet<\/p>\n","protected":false},"featured_media":88,"comment_status":"open","ping_status":"closed","template":"","meta":[],"product_brand":[],"product_cat":[17],"product_tag":[],"class_list":{"0":"post-89","1":"product","2":"type-product","3":"status-publish","4":"has-post-thumbnail","6":"product_cat-gobelet-a-eau-personnalise","8":"first","9":"instock","10":"shipping-taxable","11":"purchasable","12":"product-type-simple"},"_links":{"self":[{"href":"https:\/\/www.jsbyjx.com\/index.php\/wp-json\/wp\/v2\/product\/89","targetHints":{"allow":["GET"]}}],"collection":[{"href":"https:\/\/www.jsbyjx.com\/index.php\/wp-json\/wp\/v2\/product"}],"about":[{"href":"https:\/\/www.jsbyjx.com\/index.php\/wp-json\/wp\/v2\/types\/product"}],"replies":[{"embeddable":true,"href":"https:\/\/www.jsbyjx.com\/index.php\/wp-json\/wp\/v2\/comments?post=89"}],"version-history":[{"count":0,"href":"https:\/\/www.jsbyjx.com\/index.php\/wp-json\/wp\/v2\/product\/89\/revisions"}],"wp:featuredmedia":[{"embeddable":true,"href":"https:\/\/www.jsbyjx.com\/index.php\/wp-json\/wp\/v2\/media\/88"}],"wp:attachment":[{"href":"https:\/\/www.jsbyjx.com\/index.php\/wp-json\/wp\/v2\/media?parent=89"}],"wp:term":[{"taxonomy":"product_brand","embeddable":true,"href":"https:\/\/www.jsbyjx.com\/index.php\/wp-json\/wp\/v2\/product_brand?post=89"},{"taxonomy":"product_cat","embeddable":true,"href":"https:\/\/www.jsbyjx.com\/index.php\/wp-json\/wp\/v2\/product_cat?post=89"},{"taxonomy":"product_tag","embeddable":true,"href":"https:\/\/www.jsbyjx.com\/index.php\/wp-json\/wp\/v2\/product_tag?post=89"}],"curies":[{"name":"wp","href":"https:\/\/api.w.org\/{rel}","templated":true}]}}