{"id":91,"date":"2026-04-07T10:50:05","date_gmt":"2026-04-07T08:50:05","guid":{"rendered":"https:\/\/jsbyjx.com\/index.php\/product\/gourde-de-sport-grande-capacite-1l-15l-2l-3l-ideale-pour-le-fitness-en-exterieur-le-velo-le-camping-lalpinisme-et-le-sport-en-plein-air\/"},"modified":"2026-04-07T10:50:05","modified_gmt":"2026-04-07T08:50:05","slug":"gourde-de-sport-grande-capacite-1l-15l-2l-3l-ideale-pour-le-fitness-en-exterieur-le-velo-le-camping-lalpinisme-et-le-sport-en-plein-air","status":"publish","type":"product","link":"https:\/\/www.jsbyjx.com\/index.php\/product\/gourde-de-sport-grande-capacite-1l-15l-2l-3l-ideale-pour-le-fitness-en-exterieur-le-velo-le-camping-lalpinisme-et-le-sport-en-plein-air\/","title":{"rendered":"Gourde de sport grande capacit\u00e9 1L, 1,5L, 2L, 3L, id\u00e9ale pour le fitness en ext\u00e9rieur, le v\u00e9lo, le camping, l&rsquo;alpinisme et le sport en plein air."},"content":{"rendered":"<p>Gourde de sport grande capacit\u00e9 1L, 1,5L, 2L, 3L, id\u00e9ale pour le fitness en ext\u00e9rieur, le v\u00e9lo, le camping, l&rsquo;alpinisme et le sport en plein air.<\/p>\n","protected":false},"excerpt":{"rendered":"<p>Gourde de sport grande capacit\u00e9 1L, 1,5L, 2L, 3L, id\u00e9ale pour le fitness en ext\u00e9rieur, le v\u00e9lo, le camping, l&rsquo;alpinisme<\/p>\n","protected":false},"featured_media":90,"comment_status":"open","ping_status":"closed","template":"","meta":[],"product_brand":[],"product_cat":[17],"product_tag":[],"class_list":{"0":"post-91","1":"product","2":"type-product","3":"status-publish","4":"has-post-thumbnail","6":"product_cat-gobelet-a-eau-personnalise","8":"first","9":"instock","10":"shipping-taxable","11":"purchasable","12":"product-type-simple"},"_links":{"self":[{"href":"https:\/\/www.jsbyjx.com\/index.php\/wp-json\/wp\/v2\/product\/91","targetHints":{"allow":["GET"]}}],"collection":[{"href":"https:\/\/www.jsbyjx.com\/index.php\/wp-json\/wp\/v2\/product"}],"about":[{"href":"https:\/\/www.jsbyjx.com\/index.php\/wp-json\/wp\/v2\/types\/product"}],"replies":[{"embeddable":true,"href":"https:\/\/www.jsbyjx.com\/index.php\/wp-json\/wp\/v2\/comments?post=91"}],"version-history":[{"count":0,"href":"https:\/\/www.jsbyjx.com\/index.php\/wp-json\/wp\/v2\/product\/91\/revisions"}],"wp:featuredmedia":[{"embeddable":true,"href":"https:\/\/www.jsbyjx.com\/index.php\/wp-json\/wp\/v2\/media\/90"}],"wp:attachment":[{"href":"https:\/\/www.jsbyjx.com\/index.php\/wp-json\/wp\/v2\/media?parent=91"}],"wp:term":[{"taxonomy":"product_brand","embeddable":true,"href":"https:\/\/www.jsbyjx.com\/index.php\/wp-json\/wp\/v2\/product_brand?post=91"},{"taxonomy":"product_cat","embeddable":true,"href":"https:\/\/www.jsbyjx.com\/index.php\/wp-json\/wp\/v2\/product_cat?post=91"},{"taxonomy":"product_tag","embeddable":true,"href":"https:\/\/www.jsbyjx.com\/index.php\/wp-json\/wp\/v2\/product_tag?post=91"}],"curies":[{"name":"wp","href":"https:\/\/api.w.org\/{rel}","templated":true}]}}