{"id":95,"date":"2026-04-07T10:50:08","date_gmt":"2026-04-07T08:50:08","guid":{"rendered":"https:\/\/jsbyjx.com\/index.php\/product\/lot-de-3-gourdes-de-sport-avec-marqueur-de-temps-gourdes-portables-et-reutilisables-en-plastique-avec-paille-ideales-pour-lete\/"},"modified":"2026-04-07T10:50:08","modified_gmt":"2026-04-07T08:50:08","slug":"lot-de-3-gourdes-de-sport-avec-marqueur-de-temps-gourdes-portables-et-reutilisables-en-plastique-avec-paille-ideales-pour-lete","status":"publish","type":"product","link":"https:\/\/www.jsbyjx.com\/index.php\/product\/lot-de-3-gourdes-de-sport-avec-marqueur-de-temps-gourdes-portables-et-reutilisables-en-plastique-avec-paille-ideales-pour-lete\/","title":{"rendered":"Lot de 3 gourdes de sport avec marqueur de temps, gourdes portables et r\u00e9utilisables en plastique avec paille, id\u00e9ales pour l&rsquo;\u00e9t\u00e9."},"content":{"rendered":"<p>Lot de 3 gourdes de sport avec marqueur de temps, gourdes portables et r\u00e9utilisables en plastique avec paille, id\u00e9ales pour l&rsquo;\u00e9t\u00e9.<\/p>\n","protected":false},"excerpt":{"rendered":"<p>Lot de 3 gourdes de sport avec marqueur de temps, gourdes portables et r\u00e9utilisables en plastique avec paille, id\u00e9ales pour<\/p>\n","protected":false},"featured_media":94,"comment_status":"open","ping_status":"closed","template":"","meta":[],"product_brand":[],"product_cat":[17],"product_tag":[],"class_list":{"0":"post-95","1":"product","2":"type-product","3":"status-publish","4":"has-post-thumbnail","6":"product_cat-gobelet-a-eau-personnalise","8":"first","9":"instock","10":"shipping-taxable","11":"purchasable","12":"product-type-simple"},"_links":{"self":[{"href":"https:\/\/www.jsbyjx.com\/index.php\/wp-json\/wp\/v2\/product\/95","targetHints":{"allow":["GET"]}}],"collection":[{"href":"https:\/\/www.jsbyjx.com\/index.php\/wp-json\/wp\/v2\/product"}],"about":[{"href":"https:\/\/www.jsbyjx.com\/index.php\/wp-json\/wp\/v2\/types\/product"}],"replies":[{"embeddable":true,"href":"https:\/\/www.jsbyjx.com\/index.php\/wp-json\/wp\/v2\/comments?post=95"}],"version-history":[{"count":0,"href":"https:\/\/www.jsbyjx.com\/index.php\/wp-json\/wp\/v2\/product\/95\/revisions"}],"wp:featuredmedia":[{"embeddable":true,"href":"https:\/\/www.jsbyjx.com\/index.php\/wp-json\/wp\/v2\/media\/94"}],"wp:attachment":[{"href":"https:\/\/www.jsbyjx.com\/index.php\/wp-json\/wp\/v2\/media?parent=95"}],"wp:term":[{"taxonomy":"product_brand","embeddable":true,"href":"https:\/\/www.jsbyjx.com\/index.php\/wp-json\/wp\/v2\/product_brand?post=95"},{"taxonomy":"product_cat","embeddable":true,"href":"https:\/\/www.jsbyjx.com\/index.php\/wp-json\/wp\/v2\/product_cat?post=95"},{"taxonomy":"product_tag","embeddable":true,"href":"https:\/\/www.jsbyjx.com\/index.php\/wp-json\/wp\/v2\/product_tag?post=95"}],"curies":[{"name":"wp","href":"https:\/\/api.w.org\/{rel}","templated":true}]}}